{"id":91,"date":"2016-05-19T01:19:56","date_gmt":"2016-05-19T01:19:56","guid":{"rendered":"http:\/\/www.victoria.com.ar\/?page_id=91"},"modified":"2025-11-24T17:11:22","modified_gmt":"2025-11-24T20:11:22","slug":"nuestra-cultura","status":"publish","type":"page","link":"https:\/\/eduardomorosini.com\/victoria\/nuestra-cultura\/","title":{"rendered":"Nuestra Cultura"},"content":{"rendered":"\t\t<div data-elementor-type=\"wp-page\" data-elementor-id=\"91\" class=\"elementor elementor-91\" data-elementor-post-type=\"page\">\n\t\t\t\t<div class=\"elementor-element elementor-element-cd89e5b e-con-full elementor-hidden-tablet elementor-hidden-mobile e-flex e-con e-parent\" data-id=\"cd89e5b\" data-element_type=\"container\" data-settings=\"{&quot;background_background&quot;:&quot;classic&quot;}\">\n\t\t\t\t<div class=\"elementor-element elementor-element-8c763ef elementor-widget elementor-widget-heading\" data-id=\"8c763ef\" data-element_type=\"widget\" data-widget_type=\"heading.default\">\n\t\t\t\t\t<h1 class=\"elementor-heading-title elementor-size-default\"><a href=\"https:\/\/eduardomorosini.com\/victoria\">Inicio<\/a><\/h1>\t\t\t\t<\/div>\n\t\t\t\t<div class=\"elementor-element elementor-element-627dce4 elementor-widget elementor-widget-heading\" data-id=\"627dce4\" data-element_type=\"widget\" data-widget_type=\"heading.default\">\n\t\t\t\t\t<h1 class=\"elementor-heading-title elementor-size-default\">\/ Institucional<\/h1>\t\t\t\t<\/div>\n\t\t\t\t<div class=\"elementor-element elementor-element-31392fb elementor-widget elementor-widget-heading\" data-id=\"31392fb\" data-element_type=\"widget\" data-widget_type=\"heading.default\">\n\t\t\t\t\t<h3 class=\"elementor-heading-title elementor-size-default\">\/ Nuestra Cultura<\/h3>\t\t\t\t<\/div>\n\t\t\t\t<\/div>\n\t\t<div class=\"elementor-element elementor-element-05687d6 e-con-full elementor-hidden-desktop e-flex e-con e-parent\" data-id=\"05687d6\" data-element_type=\"container\" data-settings=\"{&quot;background_background&quot;:&quot;gradient&quot;}\">\n\t\t\t\t<div class=\"elementor-element elementor-element-2679930 elementor-widget elementor-widget-heading\" data-id=\"2679930\" data-element_type=\"widget\" data-widget_type=\"heading.default\">\n\t\t\t\t\t<h3 class=\"elementor-heading-title elementor-size-default\">Nuestra Cultura<\/h3>\t\t\t\t<\/div>\n\t\t\t\t<\/div>\n\t\t<div class=\"elementor-element elementor-element-713ee74 e-con-full e-flex e-con e-child\" data-id=\"713ee74\" data-element_type=\"container\" data-settings=\"{&quot;background_background&quot;:&quot;classic&quot;}\">\n\t\t\t\t<\/div>\n\t\t<div class=\"elementor-element elementor-element-d1dc9ec e-con-full e-flex e-con e-parent\" data-id=\"d1dc9ec\" data-element_type=\"container\" data-settings=\"{&quot;background_background&quot;:&quot;classic&quot;}\">\n\t\t<div class=\"elementor-element elementor-element-a782174 e-con-full e-flex e-con e-child\" data-id=\"a782174\" data-element_type=\"container\">\n\t\t<div class=\"elementor-element elementor-element-d87b0b5 e-con-full e-flex e-con e-child\" data-id=\"d87b0b5\" data-element_type=\"container\">\n\t\t<div class=\"elementor-element elementor-element-7713701 e-con-full e-flex e-con e-child\" data-id=\"7713701\" data-element_type=\"container\">\n\t\t\t\t<div class=\"elementor-element elementor-element-5b23d1e elementor-widget elementor-widget-heading\" data-id=\"5b23d1e\" data-element_type=\"widget\" data-widget_type=\"heading.default\">\n\t\t\t\t\t<h5 class=\"elementor-heading-title elementor-size-default\">Misi\u00f3n.<\/h5>\t\t\t\t<\/div>\n\t\t\t\t<div class=\"elementor-element elementor-element-53f65ef elementor-widget elementor-widget-text-editor\" data-id=\"53f65ef\" data-element_type=\"widget\" data-widget_type=\"text-editor.default\">\n\t\t\t\t\t\t\t\t\t<p>Brindar protecci\u00f3n contra todo tipo de riesgos, desde la cobertura para un individuo y su familia, hasta una cobertura para la m\u00e1s compleja actividad profesional e industrial.<\/p>\t\t\t\t\t\t\t\t<\/div>\n\t\t\t\t<\/div>\n\t\t<div class=\"elementor-element elementor-element-75be8ef e-con-full e-flex e-con e-child\" data-id=\"75be8ef\" data-element_type=\"container\">\n\t\t\t\t<div class=\"elementor-element elementor-element-90a7316 elementor-widget elementor-widget-heading\" data-id=\"90a7316\" data-element_type=\"widget\" data-widget_type=\"heading.default\">\n\t\t\t\t\t<h5 class=\"elementor-heading-title elementor-size-default\">Orgullosos de.<\/h5>\t\t\t\t<\/div>\n\t\t\t\t<div class=\"elementor-element elementor-element-75cfd32 elementor-widget elementor-widget-text-editor\" data-id=\"75cfd32\" data-element_type=\"widget\" data-widget_type=\"text-editor.default\">\n\t\t\t\t\t\t\t\t\t<ul><li class=\"whiteArrow\">El respeto, confianza y satisfacci\u00f3n de nuestros clientes.<\/li><li class=\"whiteArrow\">Nuestro trabajo en equipo, motivado, creativo y \u00e9tico.<\/li><li class=\"whiteArrow\">Nuestro prestigio ganado en el mercado.<\/li><li class=\"whiteArrow\">Nuestra gente.<\/li><\/ul>\t\t\t\t\t\t\t\t<\/div>\n\t\t\t\t<\/div>\n\t\t<div class=\"elementor-element elementor-element-2b2dff9 e-con-full e-flex e-con e-child\" data-id=\"2b2dff9\" data-element_type=\"container\">\n\t\t\t\t<div class=\"elementor-element elementor-element-2a077ce elementor-widget elementor-widget-heading\" data-id=\"2a077ce\" data-element_type=\"widget\" data-widget_type=\"heading.default\">\n\t\t\t\t\t<h5 class=\"elementor-heading-title elementor-size-default\">Valores.<\/h5>\t\t\t\t<\/div>\n\t\t\t\t<div class=\"elementor-element elementor-element-4185468 elementor-widget elementor-widget-text-editor\" data-id=\"4185468\" data-element_type=\"widget\" data-widget_type=\"text-editor.default\">\n\t\t\t\t\t\t\t\t\t<ul><li class=\"whiteArrow\">\u00c9tica personal y profesional.<\/li><li class=\"whiteArrow\">Tradici\u00f3n cultural.<\/li><li class=\"whiteArrow\">Calidad de servicio.<\/li><\/ul>\t\t\t\t\t\t\t\t<\/div>\n\t\t\t\t<\/div>\n\t\t\t\t<\/div>\n\t\t\t\t<\/div>\n\t\t\t\t<\/div>\n\t\t<div class=\"elementor-element elementor-element-4a166d1 e-con-full e-flex e-con e-parent\" data-id=\"4a166d1\" data-element_type=\"container\">\n\t\t\t\t<div class=\"elementor-element elementor-element-65ca88b elementor-post-navigation-borders-yes elementor-widget elementor-widget-post-navigation\" data-id=\"65ca88b\" data-element_type=\"widget\" data-widget_type=\"post-navigation.default\">\n\t\t\t\t\t\t\t<div class=\"elementor-post-navigation\" role=\"navigation\" aria-label=\"Navegaci\u00f3n de la entrada\">\n\t\t\t<div class=\"elementor-post-navigation__prev elementor-post-navigation__link\">\n\t\t\t\t<a href=\"https:\/\/eduardomorosini.com\/victoria\/quienes-somos\/\" rel=\"prev\"><span class=\"post-navigation__arrow-wrapper post-navigation__arrow-prev\"><svg aria-hidden=\"true\" class=\"e-font-icon-svg e-fas-angle-left\" viewBox=\"0 0 256 512\" xmlns=\"http:\/\/www.w3.org\/2000\/svg\"><path d=\"M31.7 239l136-136c9.4-9.4 24.6-9.4 33.9 0l22.6 22.6c9.4 9.4 9.4 24.6 0 33.9L127.9 256l96.4 96.4c9.4 9.4 9.4 24.6 0 33.9L201.7 409c-9.4 9.4-24.6 9.4-33.9 0l-136-136c-9.5-9.4-9.5-24.6-.1-34z\"><\/path><\/svg><span class=\"elementor-screen-only\">Ant<\/span><\/span><span class=\"elementor-post-navigation__link__prev\"><span class=\"post-navigation__prev--label\">Anterior<\/span><span class=\"post-navigation__prev--title\">Qui\u00e9nes Somos<\/span><\/span><\/a>\t\t\t<\/div>\n\t\t\t\t\t\t\t<div class=\"elementor-post-navigation__separator-wrapper\">\n\t\t\t\t\t<div class=\"elementor-post-navigation__separator\"><\/div>\n\t\t\t\t<\/div>\n\t\t\t\t\t\t<div class=\"elementor-post-navigation__next elementor-post-navigation__link\">\n\t\t\t\t<a href=\"https:\/\/eduardomorosini.com\/victoria\/nuestras-oficinas\/\" rel=\"next\"><span class=\"elementor-post-navigation__link__next\"><span class=\"post-navigation__next--label\">Siguiente<\/span><span class=\"post-navigation__next--title\">Nuestras Oficinas<\/span><\/span><span class=\"post-navigation__arrow-wrapper post-navigation__arrow-next\"><svg aria-hidden=\"true\" class=\"e-font-icon-svg e-fas-angle-right\" viewBox=\"0 0 256 512\" xmlns=\"http:\/\/www.w3.org\/2000\/svg\"><path d=\"M224.3 273l-136 136c-9.4 9.4-24.6 9.4-33.9 0l-22.6-22.6c-9.4-9.4-9.4-24.6 0-33.9l96.4-96.4-96.4-96.4c-9.4-9.4-9.4-24.6 0-33.9L54.3 103c9.4-9.4 24.6-9.4 33.9 0l136 136c9.5 9.4 9.5 24.6.1 34z\"><\/path><\/svg><span class=\"elementor-screen-only\">Siguiente<\/span><\/span><\/a>\t\t\t<\/div>\n\t\t<\/div>\n\t\t\t\t\t\t<\/div>\n\t\t\t\t<\/div>\n\t\t\t\t<\/div>\n\t\t","protected":false},"excerpt":{"rendered":"<p>Inicio \/ Institucional \/ Nuestra Cultura Nuestra Cultura Misi\u00f3n. Brindar protecci\u00f3n contra todo tipo de riesgos, desde la cobertura para un individuo y su familia, hasta una cobertura para la m\u00e1s compleja actividad profesional e industrial. Orgullosos de. El respeto, confianza y satisfacci\u00f3n de nuestros clientes. Nuestro trabajo en equipo, motivado, creativo y \u00e9tico. Nuestro [&hellip;]<\/p>\n","protected":false},"author":1,"featured_media":9655,"parent":0,"menu_order":0,"comment_status":"closed","ping_status":"closed","template":"","meta":{"footnotes":""},"class_list":["post-91","page","type-page","status-publish","has-post-thumbnail","hentry"],"yoast_head":"<!-- This site is optimized with the Yoast SEO plugin v26.6 - https:\/\/yoast.com\/wordpress\/plugins\/seo\/ -->\n<title>Nuestra Cultura - Victoria Seguros<\/title>\n<meta name=\"description\" content=\"100 a\u00f1os en el mercado hacen de VICTORIA SEGUROS una empresa s\u00f3lida y responsable. Una empresa que comprende las necesidades del asegurado, con capacidad de respuesta y dinamismo. Una empresa que conoce muy bien el camino al liderazgo y que apuesta a estrategias claras y precisas. Con un management eficiente y experimentado, una tecnolog\u00eda moderna y un fuerte respaldo.\" \/>\n<meta name=\"robots\" content=\"index, follow, max-snippet:-1, max-image-preview:large, max-video-preview:-1\" \/>\n<link rel=\"canonical\" href=\"https:\/\/eduardomorosini.com\/victoria\/nuestra-cultura\/\" \/>\n<meta property=\"og:locale\" content=\"es_ES\" \/>\n<meta property=\"og:type\" content=\"article\" \/>\n<meta property=\"og:title\" content=\"Nuestra Cultura\" \/>\n<meta property=\"og:description\" content=\"Inicio \/ Institucional \/ Nuestra Cultura Nuestra Cultura Misi\u00f3n. Brindar protecci\u00f3n contra todo tipo de riesgos, desde la cobertura para un individuo y su\" \/>\n<meta property=\"og:url\" content=\"https:\/\/eduardomorosini.com\/victoria\/nuestra-cultura\/\" \/>\n<meta property=\"og:site_name\" content=\"Victoria Seguros\" \/>\n<meta property=\"article:modified_time\" content=\"2025-11-24T20:11:22+00:00\" \/>\n<meta property=\"og:image\" content=\"https:\/\/eduardomorosini.com\/victoria\/wp-content\/uploads\/2022\/03\/placa-logo.png\" \/>\n\t<meta property=\"og:image:width\" content=\"1080\" \/>\n\t<meta property=\"og:image:height\" content=\"1080\" \/>\n\t<meta property=\"og:image:type\" content=\"image\/png\" \/>\n<meta name=\"twitter:card\" content=\"summary_large_image\" \/>\n<meta name=\"twitter:title\" content=\"Nuestra Cultura\" \/>\n<meta name=\"twitter:description\" content=\"Inicio \/ Institucional \/ Nuestra Cultura Nuestra Cultura Misi\u00f3n. Brindar protecci\u00f3n contra todo tipo de riesgos, desde la cobertura para un individuo y su\" \/>\n<meta name=\"twitter:image\" content=\"https:\/\/eduardomorosini.com\/victoria\/wp-content\/uploads\/2022\/03\/placa-logo.png\" \/>\n<script type=\"application\/ld+json\" class=\"yoast-schema-graph\">{\"@context\":\"https:\/\/schema.org\",\"@graph\":[{\"@type\":\"WebPage\",\"@id\":\"https:\/\/eduardomorosini.com\/victoria\/nuestra-cultura\/\",\"url\":\"https:\/\/eduardomorosini.com\/victoria\/nuestra-cultura\/\",\"name\":\"Nuestra Cultura - Victoria Seguros\",\"isPartOf\":{\"@id\":\"https:\/\/eduardomorosini.com\/victoria\/#website\"},\"primaryImageOfPage\":{\"@id\":\"https:\/\/eduardomorosini.com\/victoria\/nuestra-cultura\/#primaryimage\"},\"image\":{\"@id\":\"https:\/\/eduardomorosini.com\/victoria\/nuestra-cultura\/#primaryimage\"},\"thumbnailUrl\":\"https:\/\/eduardomorosini.com\/victoria\/wp-content\/uploads\/2022\/03\/placa-logo.png\",\"datePublished\":\"2016-05-19T01:19:56+00:00\",\"dateModified\":\"2025-11-24T20:11:22+00:00\",\"description\":\"100 a\u00f1os en el mercado hacen de VICTORIA SEGUROS una empresa s\u00f3lida y responsable. Una empresa que comprende las necesidades del asegurado, con capacidad de respuesta y dinamismo. Una empresa que conoce muy bien el camino al liderazgo y que apuesta a estrategias claras y precisas. Con un management eficiente y experimentado, una tecnolog\u00eda moderna y un fuerte respaldo.\",\"breadcrumb\":{\"@id\":\"https:\/\/eduardomorosini.com\/victoria\/nuestra-cultura\/#breadcrumb\"},\"inLanguage\":\"es\",\"potentialAction\":[{\"@type\":\"ReadAction\",\"target\":[\"https:\/\/eduardomorosini.com\/victoria\/nuestra-cultura\/\"]}]},{\"@type\":\"ImageObject\",\"inLanguage\":\"es\",\"@id\":\"https:\/\/eduardomorosini.com\/victoria\/nuestra-cultura\/#primaryimage\",\"url\":\"https:\/\/eduardomorosini.com\/victoria\/wp-content\/uploads\/2022\/03\/placa-logo.png\",\"contentUrl\":\"https:\/\/eduardomorosini.com\/victoria\/wp-content\/uploads\/2022\/03\/placa-logo.png\",\"width\":1080,\"height\":1080,\"caption\":\"Victoria Seguros\"},{\"@type\":\"BreadcrumbList\",\"@id\":\"https:\/\/eduardomorosini.com\/victoria\/nuestra-cultura\/#breadcrumb\",\"itemListElement\":[{\"@type\":\"ListItem\",\"position\":1,\"name\":\"Portada\",\"item\":\"https:\/\/eduardomorosini.com\/victoria\/\"},{\"@type\":\"ListItem\",\"position\":2,\"name\":\"Nuestra Cultura\"}]},{\"@type\":\"WebSite\",\"@id\":\"https:\/\/eduardomorosini.com\/victoria\/#website\",\"url\":\"https:\/\/eduardomorosini.com\/victoria\/\",\"name\":\"Victoria Seguros\",\"description\":\"Seguros para Automotores :: Empresas :: Cauci\u00f3n :: Agro :: ART :: Accidentes Personales ::\",\"publisher\":{\"@id\":\"https:\/\/eduardomorosini.com\/victoria\/#organization\"},\"potentialAction\":[{\"@type\":\"SearchAction\",\"target\":{\"@type\":\"EntryPoint\",\"urlTemplate\":\"https:\/\/eduardomorosini.com\/victoria\/?s={search_term_string}\"},\"query-input\":{\"@type\":\"PropertyValueSpecification\",\"valueRequired\":true,\"valueName\":\"search_term_string\"}}],\"inLanguage\":\"es\"},{\"@type\":\"Organization\",\"@id\":\"https:\/\/eduardomorosini.com\/victoria\/#organization\",\"name\":\"Victoria Seguros\",\"url\":\"https:\/\/eduardomorosini.com\/victoria\/\",\"logo\":{\"@type\":\"ImageObject\",\"inLanguage\":\"es\",\"@id\":\"https:\/\/eduardomorosini.com\/victoria\/#\/schema\/logo\/image\/\",\"url\":\"https:\/\/eduardomorosini.com\/victoria\/wp-content\/uploads\/2022\/03\/logo-victoria-seguros.png\",\"contentUrl\":\"https:\/\/eduardomorosini.com\/victoria\/wp-content\/uploads\/2022\/03\/logo-victoria-seguros.png\",\"width\":900,\"height\":400,\"caption\":\"Victoria Seguros\"},\"image\":{\"@id\":\"https:\/\/eduardomorosini.com\/victoria\/#\/schema\/logo\/image\/\"}}]}<\/script>\n<!-- \/ Yoast SEO plugin. -->","yoast_head_json":{"title":"Nuestra Cultura - Victoria Seguros","description":"100 a\u00f1os en el mercado hacen de VICTORIA SEGUROS una empresa s\u00f3lida y responsable. Una empresa que comprende las necesidades del asegurado, con capacidad de respuesta y dinamismo. Una empresa que conoce muy bien el camino al liderazgo y que apuesta a estrategias claras y precisas. Con un management eficiente y experimentado, una tecnolog\u00eda moderna y un fuerte respaldo.","robots":{"index":"index","follow":"follow","max-snippet":"max-snippet:-1","max-image-preview":"max-image-preview:large","max-video-preview":"max-video-preview:-1"},"canonical":"https:\/\/eduardomorosini.com\/victoria\/nuestra-cultura\/","og_locale":"es_ES","og_type":"article","og_title":"Nuestra Cultura","og_description":"Inicio \/ Institucional \/ Nuestra Cultura Nuestra Cultura Misi\u00f3n. Brindar protecci\u00f3n contra todo tipo de riesgos, desde la cobertura para un individuo y su","og_url":"https:\/\/eduardomorosini.com\/victoria\/nuestra-cultura\/","og_site_name":"Victoria Seguros","article_modified_time":"2025-11-24T20:11:22+00:00","og_image":[{"width":1080,"height":1080,"url":"https:\/\/eduardomorosini.com\/victoria\/wp-content\/uploads\/2022\/03\/placa-logo.png","type":"image\/png"}],"twitter_card":"summary_large_image","twitter_title":"Nuestra Cultura","twitter_description":"Inicio \/ Institucional \/ Nuestra Cultura Nuestra Cultura Misi\u00f3n. Brindar protecci\u00f3n contra todo tipo de riesgos, desde la cobertura para un individuo y su","twitter_image":"https:\/\/eduardomorosini.com\/victoria\/wp-content\/uploads\/2022\/03\/placa-logo.png","schema":{"@context":"https:\/\/schema.org","@graph":[{"@type":"WebPage","@id":"https:\/\/eduardomorosini.com\/victoria\/nuestra-cultura\/","url":"https:\/\/eduardomorosini.com\/victoria\/nuestra-cultura\/","name":"Nuestra Cultura - Victoria Seguros","isPartOf":{"@id":"https:\/\/eduardomorosini.com\/victoria\/#website"},"primaryImageOfPage":{"@id":"https:\/\/eduardomorosini.com\/victoria\/nuestra-cultura\/#primaryimage"},"image":{"@id":"https:\/\/eduardomorosini.com\/victoria\/nuestra-cultura\/#primaryimage"},"thumbnailUrl":"https:\/\/eduardomorosini.com\/victoria\/wp-content\/uploads\/2022\/03\/placa-logo.png","datePublished":"2016-05-19T01:19:56+00:00","dateModified":"2025-11-24T20:11:22+00:00","description":"100 a\u00f1os en el mercado hacen de VICTORIA SEGUROS una empresa s\u00f3lida y responsable. Una empresa que comprende las necesidades del asegurado, con capacidad de respuesta y dinamismo. Una empresa que conoce muy bien el camino al liderazgo y que apuesta a estrategias claras y precisas. Con un management eficiente y experimentado, una tecnolog\u00eda moderna y un fuerte respaldo.","breadcrumb":{"@id":"https:\/\/eduardomorosini.com\/victoria\/nuestra-cultura\/#breadcrumb"},"inLanguage":"es","potentialAction":[{"@type":"ReadAction","target":["https:\/\/eduardomorosini.com\/victoria\/nuestra-cultura\/"]}]},{"@type":"ImageObject","inLanguage":"es","@id":"https:\/\/eduardomorosini.com\/victoria\/nuestra-cultura\/#primaryimage","url":"https:\/\/eduardomorosini.com\/victoria\/wp-content\/uploads\/2022\/03\/placa-logo.png","contentUrl":"https:\/\/eduardomorosini.com\/victoria\/wp-content\/uploads\/2022\/03\/placa-logo.png","width":1080,"height":1080,"caption":"Victoria Seguros"},{"@type":"BreadcrumbList","@id":"https:\/\/eduardomorosini.com\/victoria\/nuestra-cultura\/#breadcrumb","itemListElement":[{"@type":"ListItem","position":1,"name":"Portada","item":"https:\/\/eduardomorosini.com\/victoria\/"},{"@type":"ListItem","position":2,"name":"Nuestra Cultura"}]},{"@type":"WebSite","@id":"https:\/\/eduardomorosini.com\/victoria\/#website","url":"https:\/\/eduardomorosini.com\/victoria\/","name":"Victoria Seguros","description":"Seguros para Automotores :: Empresas :: Cauci\u00f3n :: Agro :: ART :: Accidentes Personales ::","publisher":{"@id":"https:\/\/eduardomorosini.com\/victoria\/#organization"},"potentialAction":[{"@type":"SearchAction","target":{"@type":"EntryPoint","urlTemplate":"https:\/\/eduardomorosini.com\/victoria\/?s={search_term_string}"},"query-input":{"@type":"PropertyValueSpecification","valueRequired":true,"valueName":"search_term_string"}}],"inLanguage":"es"},{"@type":"Organization","@id":"https:\/\/eduardomorosini.com\/victoria\/#organization","name":"Victoria Seguros","url":"https:\/\/eduardomorosini.com\/victoria\/","logo":{"@type":"ImageObject","inLanguage":"es","@id":"https:\/\/eduardomorosini.com\/victoria\/#\/schema\/logo\/image\/","url":"https:\/\/eduardomorosini.com\/victoria\/wp-content\/uploads\/2022\/03\/logo-victoria-seguros.png","contentUrl":"https:\/\/eduardomorosini.com\/victoria\/wp-content\/uploads\/2022\/03\/logo-victoria-seguros.png","width":900,"height":400,"caption":"Victoria Seguros"},"image":{"@id":"https:\/\/eduardomorosini.com\/victoria\/#\/schema\/logo\/image\/"}}]}},"_links":{"self":[{"href":"https:\/\/eduardomorosini.com\/victoria\/wp-json\/wp\/v2\/pages\/91","targetHints":{"allow":["GET"]}}],"collection":[{"href":"https:\/\/eduardomorosini.com\/victoria\/wp-json\/wp\/v2\/pages"}],"about":[{"href":"https:\/\/eduardomorosini.com\/victoria\/wp-json\/wp\/v2\/types\/page"}],"author":[{"embeddable":true,"href":"https:\/\/eduardomorosini.com\/victoria\/wp-json\/wp\/v2\/users\/1"}],"replies":[{"embeddable":true,"href":"https:\/\/eduardomorosini.com\/victoria\/wp-json\/wp\/v2\/comments?post=91"}],"version-history":[{"count":31,"href":"https:\/\/eduardomorosini.com\/victoria\/wp-json\/wp\/v2\/pages\/91\/revisions"}],"predecessor-version":[{"id":14119,"href":"https:\/\/eduardomorosini.com\/victoria\/wp-json\/wp\/v2\/pages\/91\/revisions\/14119"}],"wp:featuredmedia":[{"embeddable":true,"href":"https:\/\/eduardomorosini.com\/victoria\/wp-json\/wp\/v2\/media\/9655"}],"wp:attachment":[{"href":"https:\/\/eduardomorosini.com\/victoria\/wp-json\/wp\/v2\/media?parent=91"}],"curies":[{"name":"wp","href":"https:\/\/api.w.org\/{rel}","templated":true}]}}