{"id":81,"date":"2016-05-16T20:09:29","date_gmt":"2016-05-16T20:09:29","guid":{"rendered":"http:\/\/www.victoria.com.ar\/?page_id=81"},"modified":"2025-10-07T17:41:52","modified_gmt":"2025-10-07T20:41:52","slug":"quienes-somos","status":"publish","type":"page","link":"https:\/\/eduardomorosini.com\/victoria\/quienes-somos\/","title":{"rendered":"Qui\u00e9nes Somos"},"content":{"rendered":"\t\t<div data-elementor-type=\"wp-page\" data-elementor-id=\"81\" class=\"elementor elementor-81\" data-elementor-post-type=\"page\">\n\t\t\t\t<div class=\"elementor-element elementor-element-5aed11e e-con-full elementor-hidden-tablet elementor-hidden-mobile e-flex e-con e-parent\" data-id=\"5aed11e\" data-element_type=\"container\" data-settings=\"{&quot;background_background&quot;:&quot;classic&quot;}\">\n\t\t\t\t<div class=\"elementor-element elementor-element-614d19d elementor-widget elementor-widget-heading\" data-id=\"614d19d\" data-element_type=\"widget\" data-widget_type=\"heading.default\">\n\t\t\t\t\t<h1 class=\"elementor-heading-title elementor-size-default\"><a href=\"https:\/\/eduardomorosini.com\/victoria\">Inicio<\/a><\/h1>\t\t\t\t<\/div>\n\t\t\t\t<div class=\"elementor-element elementor-element-f105f19 elementor-widget elementor-widget-heading\" data-id=\"f105f19\" data-element_type=\"widget\" data-widget_type=\"heading.default\">\n\t\t\t\t\t<h1 class=\"elementor-heading-title elementor-size-default\">\/ Institucional<\/h1>\t\t\t\t<\/div>\n\t\t\t\t<div class=\"elementor-element elementor-element-0db2ed3 elementor-widget elementor-widget-heading\" data-id=\"0db2ed3\" data-element_type=\"widget\" data-widget_type=\"heading.default\">\n\t\t\t\t\t<h3 class=\"elementor-heading-title elementor-size-default\">\/ Qui\u00e9nes somos<\/h3>\t\t\t\t<\/div>\n\t\t\t\t<\/div>\n\t\t<div class=\"elementor-element elementor-element-e72ba55 e-con-full elementor-hidden-desktop e-flex e-con e-parent\" data-id=\"e72ba55\" data-element_type=\"container\" data-settings=\"{&quot;background_background&quot;:&quot;gradient&quot;}\">\n\t\t\t\t<div class=\"elementor-element elementor-element-f739ef0 elementor-widget elementor-widget-heading\" data-id=\"f739ef0\" data-element_type=\"widget\" data-widget_type=\"heading.default\">\n\t\t\t\t\t<h3 class=\"elementor-heading-title elementor-size-default\">Qui\u00e9nes somos<\/h3>\t\t\t\t<\/div>\n\t\t\t\t<\/div>\n\t\t<div class=\"elementor-element elementor-element-688d496 e-con-full e-flex e-con e-child\" data-id=\"688d496\" data-element_type=\"container\" data-settings=\"{&quot;background_background&quot;:&quot;classic&quot;}\">\n\t\t\t\t<\/div>\n\t\t<div class=\"elementor-element elementor-element-0e3946c e-con-full e-flex e-con e-parent\" data-id=\"0e3946c\" data-element_type=\"container\" data-settings=\"{&quot;background_background&quot;:&quot;classic&quot;}\">\n\t\t<div class=\"elementor-element elementor-element-c2989b4 e-con-full e-flex e-con e-child\" data-id=\"c2989b4\" data-element_type=\"container\">\n\t\t\t\t<div class=\"elementor-element elementor-element-25b883d elementor-widget__width-initial elementor-widget elementor-widget-text-editor\" data-id=\"25b883d\" data-element_type=\"widget\" data-widget_type=\"text-editor.default\">\n\t\t\t\t\t\t\t\t\t<p>100 a\u00f1os en el mercado hacen de <strong>VICTORIA SEGUROS<\/strong> una empresa s\u00f3lida y responsable. Una empresa que comprende las necesidades del asegurado, con capacidad de respuesta y dinamismo. Una empresa que conoce muy bien el camino al liderazgo y que apuesta a estrategias claras y precisas. Con un management eficiente y experimentado, una tecnolog\u00eda moderna y un fuerte respaldo.<\/p>\t\t\t\t\t\t\t\t<\/div>\n\t\t<div class=\"elementor-element elementor-element-bb868eb e-con-full e-flex e-con e-child\" data-id=\"bb868eb\" data-element_type=\"container\">\n\t\t<div class=\"elementor-element elementor-element-ca7c98a e-con-full e-flex e-con e-child\" data-id=\"ca7c98a\" data-element_type=\"container\">\n\t\t\t\t<div class=\"elementor-element elementor-element-fa41b51 elementor-widget elementor-widget-heading\" data-id=\"fa41b51\" data-element_type=\"widget\" data-widget_type=\"heading.default\">\n\t\t\t\t\t<h5 class=\"elementor-heading-title elementor-size-default\">Solidez.<\/h5>\t\t\t\t<\/div>\n\t\t\t\t<div class=\"elementor-element elementor-element-cc34a5f elementor-widget elementor-widget-text-editor\" data-id=\"cc34a5f\" data-element_type=\"widget\" data-widget_type=\"text-editor.default\">\n\t\t\t\t\t\t\t\t\t<p>Desde 1921 <strong>VICTORIA SEGUROS<\/strong> cumple con un importante papel en el mercado de seguros. Manteniendo una reconocida trayectoria de seriedad y eficiencia la cual, en 1977, se vio ampliamente fortalecida cuando el <strong>Grupo Bag\u00f3<\/strong> adquiri\u00f3 la totalidad del paquete accionario.<\/p>\t\t\t\t\t\t\t\t<\/div>\n\t\t\t\t<\/div>\n\t\t<div class=\"elementor-element elementor-element-9075ed4 e-con-full e-flex e-con e-child\" data-id=\"9075ed4\" data-element_type=\"container\">\n\t\t\t\t<div class=\"elementor-element elementor-element-d7862a5 elementor-widget elementor-widget-heading\" data-id=\"d7862a5\" data-element_type=\"widget\" data-widget_type=\"heading.default\">\n\t\t\t\t\t<h5 class=\"elementor-heading-title elementor-size-default\">Creatividad y servicio.<\/h5>\t\t\t\t<\/div>\n\t\t\t\t<div class=\"elementor-element elementor-element-3217f61 elementor-widget elementor-widget-text-editor\" data-id=\"3217f61\" data-element_type=\"widget\" data-widget_type=\"text-editor.default\">\n\t\t\t\t\t\t\t\t\t<p><strong>VICTORIA SEGUROS<\/strong> es una empresa en permanente b\u00fasqueda del mejoramiento del servicio y la innovaci\u00f3n. Por eso mantiene un contacto directo y permanente con sus productores, para as\u00ed poder estar al d\u00eda con respuestas \u00e1giles, ideas nuevas y creatividad, adecu\u00e1ndose de esta forma a las necesidades de sus asegurados.<\/p><p>Porque \u00e9sta es la \u00fanica manera de crear nuevos servicios. Servicios que realmente interesan al cliente y lo dejan conforme en todo sentido. Servicios que ofrecen soluciones. Como la seguridad de cobrar un siniestro en el tiempo m\u00ednimo o la posibilidad de contar con un seguro a su medida. Servicios que s\u00f3lo <strong>VICTORIA SEGUROS<\/strong> puede cumplir.<\/p>\t\t\t\t\t\t\t\t<\/div>\n\t\t\t\t<\/div>\n\t\t<div class=\"elementor-element elementor-element-fff07a3 e-con-full e-flex e-con e-child\" data-id=\"fff07a3\" data-element_type=\"container\">\n\t\t\t\t<div class=\"elementor-element elementor-element-11137fb elementor-widget elementor-widget-heading\" data-id=\"11137fb\" data-element_type=\"widget\" data-widget_type=\"heading.default\">\n\t\t\t\t\t<h5 class=\"elementor-heading-title elementor-size-default\">Respaldo.<\/h5>\t\t\t\t<\/div>\n\t\t\t\t<div class=\"elementor-element elementor-element-866322d elementor-widget elementor-widget-text-editor\" data-id=\"866322d\" data-element_type=\"widget\" data-widget_type=\"text-editor.default\">\n\t\t\t\t\t\t\t\t\t<p>La mejor forma de sentirse realmente seguro es teniendo alguien al lado. Alguien que brinde una constante protecci\u00f3n. Alguien en quien confiar. Por eso <strong>VICTORIA SEGUROS<\/strong> basa su filosof\u00eda de apoyo hacia el productor. Porque estar cerca de \u00e9l significa estar cerca de usted.<\/p><p>Es as\u00ed que a la hora de realizar operaciones, le brinda todo tipo de alternativas, adem\u00e1s de un permanente asesoramiento. Porque s\u00f3lo actuando en conjunto se logran los mejores resultados. Porque s\u00f3lo de esta manera usted podr\u00e1 despreocuparse por completo y disfrutar de una plena tranquilidad. A toda hora y en todo lugar.<\/p><p>Asimismo, <strong>VICTORIA SEGUROS<\/strong> se ve totalmente respaldada por la calidad de los reaseguradores con los que opera. Compa\u00f1\u00edas de reconocido prestigio y l\u00edderes a nivel mundial.<\/p>\t\t\t\t\t\t\t\t<\/div>\n\t\t\t\t<\/div>\n\t\t\t\t<\/div>\n\t\t\t\t<\/div>\n\t\t\t\t<\/div>\n\t\t<div class=\"elementor-element elementor-element-c3c2406 e-con-full e-flex e-con e-parent\" data-id=\"c3c2406\" data-element_type=\"container\">\n\t\t\t\t<div class=\"elementor-element elementor-element-19426ad elementor-post-navigation-borders-yes elementor-widget elementor-widget-post-navigation\" data-id=\"19426ad\" data-element_type=\"widget\" data-widget_type=\"post-navigation.default\">\n\t\t\t\t\t\t\t<div class=\"elementor-post-navigation\" role=\"navigation\" aria-label=\"Navegaci\u00f3n de la entrada\">\n\t\t\t<div class=\"elementor-post-navigation__prev elementor-post-navigation__link\">\n\t\t\t\t<a href=\"https:\/\/eduardomorosini.com\/victoria\/consultas\/\" rel=\"prev\"><span class=\"post-navigation__arrow-wrapper post-navigation__arrow-prev\"><svg aria-hidden=\"true\" class=\"e-font-icon-svg e-fas-angle-left\" viewBox=\"0 0 256 512\" xmlns=\"http:\/\/www.w3.org\/2000\/svg\"><path d=\"M31.7 239l136-136c9.4-9.4 24.6-9.4 33.9 0l22.6 22.6c9.4 9.4 9.4 24.6 0 33.9L127.9 256l96.4 96.4c9.4 9.4 9.4 24.6 0 33.9L201.7 409c-9.4 9.4-24.6 9.4-33.9 0l-136-136c-9.5-9.4-9.5-24.6-.1-34z\"><\/path><\/svg><span class=\"elementor-screen-only\">Ant<\/span><\/span><span class=\"elementor-post-navigation__link__prev\"><span class=\"post-navigation__prev--label\">Anterior<\/span><span class=\"post-navigation__prev--title\">Consultas<\/span><\/span><\/a>\t\t\t<\/div>\n\t\t\t\t\t\t\t<div class=\"elementor-post-navigation__separator-wrapper\">\n\t\t\t\t\t<div class=\"elementor-post-navigation__separator\"><\/div>\n\t\t\t\t<\/div>\n\t\t\t\t\t\t<div class=\"elementor-post-navigation__next elementor-post-navigation__link\">\n\t\t\t\t<a href=\"https:\/\/eduardomorosini.com\/victoria\/nuestra-cultura\/\" rel=\"next\"><span class=\"elementor-post-navigation__link__next\"><span class=\"post-navigation__next--label\">Siguiente<\/span><span class=\"post-navigation__next--title\">Nuestra Cultura<\/span><\/span><span class=\"post-navigation__arrow-wrapper post-navigation__arrow-next\"><svg aria-hidden=\"true\" class=\"e-font-icon-svg e-fas-angle-right\" viewBox=\"0 0 256 512\" xmlns=\"http:\/\/www.w3.org\/2000\/svg\"><path d=\"M224.3 273l-136 136c-9.4 9.4-24.6 9.4-33.9 0l-22.6-22.6c-9.4-9.4-9.4-24.6 0-33.9l96.4-96.4-96.4-96.4c-9.4-9.4-9.4-24.6 0-33.9L54.3 103c9.4-9.4 24.6-9.4 33.9 0l136 136c9.5 9.4 9.5 24.6.1 34z\"><\/path><\/svg><span class=\"elementor-screen-only\">Siguiente<\/span><\/span><\/a>\t\t\t<\/div>\n\t\t<\/div>\n\t\t\t\t\t\t<\/div>\n\t\t\t\t<\/div>\n\t\t\t\t<\/div>\n\t\t","protected":false},"excerpt":{"rendered":"<p>Inicio \/ Institucional \/ Qui\u00e9nes somos Qui\u00e9nes somos 100 a\u00f1os en el mercado hacen de VICTORIA SEGUROS una empresa s\u00f3lida y responsable. Una empresa que comprende las necesidades del asegurado, con capacidad de respuesta y dinamismo. Una empresa que conoce muy bien el camino al liderazgo y que apuesta a estrategias claras y precisas. Con [&hellip;]<\/p>\n","protected":false},"author":1,"featured_media":9655,"parent":0,"menu_order":0,"comment_status":"closed","ping_status":"closed","template":"","meta":{"footnotes":""},"class_list":["post-81","page","type-page","status-publish","has-post-thumbnail","hentry"],"yoast_head":"<!-- This site is optimized with the Yoast SEO plugin v26.6 - https:\/\/yoast.com\/wordpress\/plugins\/seo\/ -->\n<title>Qui\u00e9nes Somos - Victoria Seguros<\/title>\n<meta name=\"description\" content=\"100 a\u00f1os en el mercado hacen de VICTORIA SEGUROS una empresa s\u00f3lida y responsable. Una empresa que comprende las necesidades del asegurado, con capacidad de respuesta y dinamismo. Una empresa que conoce muy bien el camino al liderazgo y que apuesta a estrategias claras y precisas. Con un management eficiente y experimentado, una tecnolog\u00eda moderna y un fuerte respaldo.\" \/>\n<meta name=\"robots\" content=\"index, follow, max-snippet:-1, max-image-preview:large, max-video-preview:-1\" \/>\n<link rel=\"canonical\" href=\"https:\/\/eduardomorosini.com\/victoria\/quienes-somos\/\" \/>\n<meta property=\"og:locale\" content=\"es_ES\" \/>\n<meta property=\"og:type\" content=\"article\" \/>\n<meta property=\"og:title\" content=\"Qui\u00e9nes Somos\" \/>\n<meta property=\"og:description\" content=\"Inicio \/ Institucional \/ Qui\u00e9nes somos Qui\u00e9nes somos 100 a\u00f1os en el mercado hacen de VICTORIA SEGUROS una empresa s\u00f3lida y responsable. Una empresa que\" \/>\n<meta property=\"og:url\" content=\"https:\/\/eduardomorosini.com\/victoria\/quienes-somos\/\" \/>\n<meta property=\"og:site_name\" content=\"Victoria Seguros\" \/>\n<meta property=\"article:modified_time\" content=\"2025-10-07T20:41:52+00:00\" \/>\n<meta property=\"og:image\" content=\"https:\/\/eduardomorosini.com\/victoria\/wp-content\/uploads\/2022\/03\/placa-logo.png\" \/>\n\t<meta property=\"og:image:width\" content=\"1080\" \/>\n\t<meta property=\"og:image:height\" content=\"1080\" \/>\n\t<meta property=\"og:image:type\" content=\"image\/png\" \/>\n<meta name=\"twitter:card\" content=\"summary_large_image\" \/>\n<meta name=\"twitter:title\" content=\"Qui\u00e9nes Somos\" \/>\n<meta name=\"twitter:description\" content=\"Inicio \/ Institucional \/ Qui\u00e9nes somos Qui\u00e9nes somos 100 a\u00f1os en el mercado hacen de VICTORIA SEGUROS una empresa s\u00f3lida y responsable. Una empresa que\" \/>\n<meta name=\"twitter:image\" content=\"https:\/\/eduardomorosini.com\/victoria\/wp-content\/uploads\/2022\/03\/placa-logo.png\" \/>\n<script type=\"application\/ld+json\" class=\"yoast-schema-graph\">{\"@context\":\"https:\/\/schema.org\",\"@graph\":[{\"@type\":\"WebPage\",\"@id\":\"https:\/\/eduardomorosini.com\/victoria\/quienes-somos\/\",\"url\":\"https:\/\/eduardomorosini.com\/victoria\/quienes-somos\/\",\"name\":\"Qui\u00e9nes Somos - Victoria Seguros\",\"isPartOf\":{\"@id\":\"https:\/\/eduardomorosini.com\/victoria\/#website\"},\"primaryImageOfPage\":{\"@id\":\"https:\/\/eduardomorosini.com\/victoria\/quienes-somos\/#primaryimage\"},\"image\":{\"@id\":\"https:\/\/eduardomorosini.com\/victoria\/quienes-somos\/#primaryimage\"},\"thumbnailUrl\":\"https:\/\/eduardomorosini.com\/victoria\/wp-content\/uploads\/2022\/03\/placa-logo.png\",\"datePublished\":\"2016-05-16T20:09:29+00:00\",\"dateModified\":\"2025-10-07T20:41:52+00:00\",\"description\":\"100 a\u00f1os en el mercado hacen de VICTORIA SEGUROS una empresa s\u00f3lida y responsable. Una empresa que comprende las necesidades del asegurado, con capacidad de respuesta y dinamismo. Una empresa que conoce muy bien el camino al liderazgo y que apuesta a estrategias claras y precisas. Con un management eficiente y experimentado, una tecnolog\u00eda moderna y un fuerte respaldo.\",\"breadcrumb\":{\"@id\":\"https:\/\/eduardomorosini.com\/victoria\/quienes-somos\/#breadcrumb\"},\"inLanguage\":\"es\",\"potentialAction\":[{\"@type\":\"ReadAction\",\"target\":[\"https:\/\/eduardomorosini.com\/victoria\/quienes-somos\/\"]}]},{\"@type\":\"ImageObject\",\"inLanguage\":\"es\",\"@id\":\"https:\/\/eduardomorosini.com\/victoria\/quienes-somos\/#primaryimage\",\"url\":\"https:\/\/eduardomorosini.com\/victoria\/wp-content\/uploads\/2022\/03\/placa-logo.png\",\"contentUrl\":\"https:\/\/eduardomorosini.com\/victoria\/wp-content\/uploads\/2022\/03\/placa-logo.png\",\"width\":1080,\"height\":1080,\"caption\":\"Victoria Seguros\"},{\"@type\":\"BreadcrumbList\",\"@id\":\"https:\/\/eduardomorosini.com\/victoria\/quienes-somos\/#breadcrumb\",\"itemListElement\":[{\"@type\":\"ListItem\",\"position\":1,\"name\":\"Portada\",\"item\":\"https:\/\/eduardomorosini.com\/victoria\/\"},{\"@type\":\"ListItem\",\"position\":2,\"name\":\"Qui\u00e9nes Somos\"}]},{\"@type\":\"WebSite\",\"@id\":\"https:\/\/eduardomorosini.com\/victoria\/#website\",\"url\":\"https:\/\/eduardomorosini.com\/victoria\/\",\"name\":\"Victoria Seguros\",\"description\":\"Seguros para Automotores :: Empresas :: Cauci\u00f3n :: Agro :: ART :: Accidentes Personales ::\",\"publisher\":{\"@id\":\"https:\/\/eduardomorosini.com\/victoria\/#organization\"},\"potentialAction\":[{\"@type\":\"SearchAction\",\"target\":{\"@type\":\"EntryPoint\",\"urlTemplate\":\"https:\/\/eduardomorosini.com\/victoria\/?s={search_term_string}\"},\"query-input\":{\"@type\":\"PropertyValueSpecification\",\"valueRequired\":true,\"valueName\":\"search_term_string\"}}],\"inLanguage\":\"es\"},{\"@type\":\"Organization\",\"@id\":\"https:\/\/eduardomorosini.com\/victoria\/#organization\",\"name\":\"Victoria Seguros\",\"url\":\"https:\/\/eduardomorosini.com\/victoria\/\",\"logo\":{\"@type\":\"ImageObject\",\"inLanguage\":\"es\",\"@id\":\"https:\/\/eduardomorosini.com\/victoria\/#\/schema\/logo\/image\/\",\"url\":\"https:\/\/eduardomorosini.com\/victoria\/wp-content\/uploads\/2022\/03\/logo-victoria-seguros.png\",\"contentUrl\":\"https:\/\/eduardomorosini.com\/victoria\/wp-content\/uploads\/2022\/03\/logo-victoria-seguros.png\",\"width\":900,\"height\":400,\"caption\":\"Victoria Seguros\"},\"image\":{\"@id\":\"https:\/\/eduardomorosini.com\/victoria\/#\/schema\/logo\/image\/\"}}]}<\/script>\n<!-- \/ Yoast SEO plugin. -->","yoast_head_json":{"title":"Qui\u00e9nes Somos - Victoria Seguros","description":"100 a\u00f1os en el mercado hacen de VICTORIA SEGUROS una empresa s\u00f3lida y responsable. Una empresa que comprende las necesidades del asegurado, con capacidad de respuesta y dinamismo. Una empresa que conoce muy bien el camino al liderazgo y que apuesta a estrategias claras y precisas. Con un management eficiente y experimentado, una tecnolog\u00eda moderna y un fuerte respaldo.","robots":{"index":"index","follow":"follow","max-snippet":"max-snippet:-1","max-image-preview":"max-image-preview:large","max-video-preview":"max-video-preview:-1"},"canonical":"https:\/\/eduardomorosini.com\/victoria\/quienes-somos\/","og_locale":"es_ES","og_type":"article","og_title":"Qui\u00e9nes Somos","og_description":"Inicio \/ Institucional \/ Qui\u00e9nes somos Qui\u00e9nes somos 100 a\u00f1os en el mercado hacen de VICTORIA SEGUROS una empresa s\u00f3lida y responsable. Una empresa que","og_url":"https:\/\/eduardomorosini.com\/victoria\/quienes-somos\/","og_site_name":"Victoria Seguros","article_modified_time":"2025-10-07T20:41:52+00:00","og_image":[{"width":1080,"height":1080,"url":"https:\/\/eduardomorosini.com\/victoria\/wp-content\/uploads\/2022\/03\/placa-logo.png","type":"image\/png"}],"twitter_card":"summary_large_image","twitter_title":"Qui\u00e9nes Somos","twitter_description":"Inicio \/ Institucional \/ Qui\u00e9nes somos Qui\u00e9nes somos 100 a\u00f1os en el mercado hacen de VICTORIA SEGUROS una empresa s\u00f3lida y responsable. Una empresa que","twitter_image":"https:\/\/eduardomorosini.com\/victoria\/wp-content\/uploads\/2022\/03\/placa-logo.png","schema":{"@context":"https:\/\/schema.org","@graph":[{"@type":"WebPage","@id":"https:\/\/eduardomorosini.com\/victoria\/quienes-somos\/","url":"https:\/\/eduardomorosini.com\/victoria\/quienes-somos\/","name":"Qui\u00e9nes Somos - Victoria Seguros","isPartOf":{"@id":"https:\/\/eduardomorosini.com\/victoria\/#website"},"primaryImageOfPage":{"@id":"https:\/\/eduardomorosini.com\/victoria\/quienes-somos\/#primaryimage"},"image":{"@id":"https:\/\/eduardomorosini.com\/victoria\/quienes-somos\/#primaryimage"},"thumbnailUrl":"https:\/\/eduardomorosini.com\/victoria\/wp-content\/uploads\/2022\/03\/placa-logo.png","datePublished":"2016-05-16T20:09:29+00:00","dateModified":"2025-10-07T20:41:52+00:00","description":"100 a\u00f1os en el mercado hacen de VICTORIA SEGUROS una empresa s\u00f3lida y responsable. Una empresa que comprende las necesidades del asegurado, con capacidad de respuesta y dinamismo. Una empresa que conoce muy bien el camino al liderazgo y que apuesta a estrategias claras y precisas. Con un management eficiente y experimentado, una tecnolog\u00eda moderna y un fuerte respaldo.","breadcrumb":{"@id":"https:\/\/eduardomorosini.com\/victoria\/quienes-somos\/#breadcrumb"},"inLanguage":"es","potentialAction":[{"@type":"ReadAction","target":["https:\/\/eduardomorosini.com\/victoria\/quienes-somos\/"]}]},{"@type":"ImageObject","inLanguage":"es","@id":"https:\/\/eduardomorosini.com\/victoria\/quienes-somos\/#primaryimage","url":"https:\/\/eduardomorosini.com\/victoria\/wp-content\/uploads\/2022\/03\/placa-logo.png","contentUrl":"https:\/\/eduardomorosini.com\/victoria\/wp-content\/uploads\/2022\/03\/placa-logo.png","width":1080,"height":1080,"caption":"Victoria Seguros"},{"@type":"BreadcrumbList","@id":"https:\/\/eduardomorosini.com\/victoria\/quienes-somos\/#breadcrumb","itemListElement":[{"@type":"ListItem","position":1,"name":"Portada","item":"https:\/\/eduardomorosini.com\/victoria\/"},{"@type":"ListItem","position":2,"name":"Qui\u00e9nes Somos"}]},{"@type":"WebSite","@id":"https:\/\/eduardomorosini.com\/victoria\/#website","url":"https:\/\/eduardomorosini.com\/victoria\/","name":"Victoria Seguros","description":"Seguros para Automotores :: Empresas :: Cauci\u00f3n :: Agro :: ART :: Accidentes Personales ::","publisher":{"@id":"https:\/\/eduardomorosini.com\/victoria\/#organization"},"potentialAction":[{"@type":"SearchAction","target":{"@type":"EntryPoint","urlTemplate":"https:\/\/eduardomorosini.com\/victoria\/?s={search_term_string}"},"query-input":{"@type":"PropertyValueSpecification","valueRequired":true,"valueName":"search_term_string"}}],"inLanguage":"es"},{"@type":"Organization","@id":"https:\/\/eduardomorosini.com\/victoria\/#organization","name":"Victoria Seguros","url":"https:\/\/eduardomorosini.com\/victoria\/","logo":{"@type":"ImageObject","inLanguage":"es","@id":"https:\/\/eduardomorosini.com\/victoria\/#\/schema\/logo\/image\/","url":"https:\/\/eduardomorosini.com\/victoria\/wp-content\/uploads\/2022\/03\/logo-victoria-seguros.png","contentUrl":"https:\/\/eduardomorosini.com\/victoria\/wp-content\/uploads\/2022\/03\/logo-victoria-seguros.png","width":900,"height":400,"caption":"Victoria Seguros"},"image":{"@id":"https:\/\/eduardomorosini.com\/victoria\/#\/schema\/logo\/image\/"}}]}},"_links":{"self":[{"href":"https:\/\/eduardomorosini.com\/victoria\/wp-json\/wp\/v2\/pages\/81","targetHints":{"allow":["GET"]}}],"collection":[{"href":"https:\/\/eduardomorosini.com\/victoria\/wp-json\/wp\/v2\/pages"}],"about":[{"href":"https:\/\/eduardomorosini.com\/victoria\/wp-json\/wp\/v2\/types\/page"}],"author":[{"embeddable":true,"href":"https:\/\/eduardomorosini.com\/victoria\/wp-json\/wp\/v2\/users\/1"}],"replies":[{"embeddable":true,"href":"https:\/\/eduardomorosini.com\/victoria\/wp-json\/wp\/v2\/comments?post=81"}],"version-history":[{"count":28,"href":"https:\/\/eduardomorosini.com\/victoria\/wp-json\/wp\/v2\/pages\/81\/revisions"}],"predecessor-version":[{"id":13805,"href":"https:\/\/eduardomorosini.com\/victoria\/wp-json\/wp\/v2\/pages\/81\/revisions\/13805"}],"wp:featuredmedia":[{"embeddable":true,"href":"https:\/\/eduardomorosini.com\/victoria\/wp-json\/wp\/v2\/media\/9655"}],"wp:attachment":[{"href":"https:\/\/eduardomorosini.com\/victoria\/wp-json\/wp\/v2\/media?parent=81"}],"curies":[{"name":"wp","href":"https:\/\/api.w.org\/{rel}","templated":true}]}}