{"id":13935,"date":"2025-11-24T14:32:54","date_gmt":"2025-11-24T17:32:54","guid":{"rendered":"https:\/\/eduardomorosini.com\/victoria\/?page_id=13935"},"modified":"2025-11-24T17:18:42","modified_gmt":"2025-11-24T20:18:42","slug":"vida","status":"publish","type":"page","link":"https:\/\/eduardomorosini.com\/victoria\/vida\/","title":{"rendered":"Vida"},"content":{"rendered":"\t\t<div data-elementor-type=\"wp-page\" data-elementor-id=\"13935\" class=\"elementor elementor-13935\" data-elementor-post-type=\"page\">\n\t\t\t\t<div class=\"elementor-element elementor-element-cba4d66 e-con-full elementor-hidden-tablet elementor-hidden-mobile e-flex e-con e-parent\" data-id=\"cba4d66\" data-element_type=\"container\" data-settings=\"{&quot;background_background&quot;:&quot;classic&quot;}\">\n\t\t\t\t<div class=\"elementor-element elementor-element-9efee7b elementor-widget elementor-widget-heading\" data-id=\"9efee7b\" data-element_type=\"widget\" data-widget_type=\"heading.default\">\n\t\t\t\t\t<h1 class=\"elementor-heading-title elementor-size-default\"><a href=\"https:\/\/eduardomorosini.com\/victoria\">Inicio<\/a><\/h1>\t\t\t\t<\/div>\n\t\t\t\t<div class=\"elementor-element elementor-element-3f42bad elementor-widget elementor-widget-heading\" data-id=\"3f42bad\" data-element_type=\"widget\" data-widget_type=\"heading.default\">\n\t\t\t\t\t<h1 class=\"elementor-heading-title elementor-size-default\"><a href=\"https:\/\/eduardomorosini.com\/victoria\/seguros\/\">\/ Seguros<\/a><\/h1>\t\t\t\t<\/div>\n\t\t\t\t<div class=\"elementor-element elementor-element-cf507ed elementor-widget elementor-widget-heading\" data-id=\"cf507ed\" data-element_type=\"widget\" data-widget_type=\"heading.default\">\n\t\t\t\t\t<h3 class=\"elementor-heading-title elementor-size-default\">\/ Vida<\/h3>\t\t\t\t<\/div>\n\t\t\t\t<\/div>\n\t\t<div class=\"elementor-element elementor-element-e983661 e-con-full elementor-hidden-desktop e-flex e-con e-parent\" data-id=\"e983661\" data-element_type=\"container\" data-settings=\"{&quot;background_background&quot;:&quot;gradient&quot;}\">\n\t\t\t\t<div class=\"elementor-element elementor-element-f6dc4dd elementor-widget elementor-widget-heading\" data-id=\"f6dc4dd\" data-element_type=\"widget\" data-widget_type=\"heading.default\">\n\t\t\t\t\t<h3 class=\"elementor-heading-title elementor-size-default\">Vida<\/h3>\t\t\t\t<\/div>\n\t\t\t\t<\/div>\n\t\t<div class=\"elementor-element elementor-element-6ad1f32 e-con-full e-flex e-con e-child\" data-id=\"6ad1f32\" data-element_type=\"container\" data-settings=\"{&quot;background_background&quot;:&quot;classic&quot;}\">\n\t\t\t\t<\/div>\n\t\t<div class=\"elementor-element elementor-element-ca275d7 e-con-full e-flex e-con e-parent\" data-id=\"ca275d7\" data-element_type=\"container\">\n\t\t<div class=\"elementor-element elementor-element-e8b288d e-con-full e-flex e-con e-child\" data-id=\"e8b288d\" data-element_type=\"container\">\n\t\t\t\t<div class=\"elementor-element elementor-element-6fbdae9 elementor-widget elementor-widget-text-editor\" data-id=\"6fbdae9\" data-element_type=\"widget\" data-widget_type=\"text-editor.default\">\n\t\t\t\t\t\t\t\t\t<p>A la hora de pensar en un <strong>seguro de Vida<\/strong>, Ud. debe pensar en una empresa que le ofrezca solidez financiera, experiencia, compromiso, servicio.<\/p><p><strong>Productos y servicios que ponemos a tu disposici\u00f3n.<\/strong><\/p>\t\t\t\t\t\t\t\t<\/div>\n\t\t\t\t<\/div>\n\t\t<div class=\"elementor-element elementor-element-af969a5 e-con-full e-flex e-con e-child\" data-id=\"af969a5\" data-element_type=\"container\">\n\t\t\t\t<div class=\"elementor-element elementor-element-5c566f3 elementor-widget elementor-widget-n-accordion\" data-id=\"5c566f3\" data-element_type=\"widget\" data-settings=\"{&quot;default_state&quot;:&quot;expanded&quot;,&quot;max_items_expended&quot;:&quot;one&quot;,&quot;n_accordion_animation_duration&quot;:{&quot;unit&quot;:&quot;ms&quot;,&quot;size&quot;:400,&quot;sizes&quot;:[]}}\" data-widget_type=\"nested-accordion.default\">\n\t\t\t\t\t\t\t<div class=\"e-n-accordion\" aria-label=\"Accordion. Open links with Enter or Space, close with Escape, and navigate with Arrow Keys\">\n\t\t\t\t\t\t<details id=\"e-n-accordion-item-9680\" class=\"e-n-accordion-item\" open>\n\t\t\t\t<summary class=\"e-n-accordion-item-title\" data-accordion-index=\"1\" tabindex=\"0\" aria-expanded=\"true\" aria-controls=\"e-n-accordion-item-9680\" >\n\t\t\t\t\t<span class='e-n-accordion-item-title-header'><div class=\"e-n-accordion-item-title-text\"> Vida obligatorio <\/div><\/span>\n\t\t\t\t\t\t\t<span class='e-n-accordion-item-title-icon'>\n\t\t\t<span class='e-opened' ><svg aria-hidden=\"true\" class=\"e-font-icon-svg e-fas-minus\" viewBox=\"0 0 448 512\" xmlns=\"http:\/\/www.w3.org\/2000\/svg\"><path d=\"M416 208H32c-17.67 0-32 14.33-32 32v32c0 17.67 14.33 32 32 32h384c17.67 0 32-14.33 32-32v-32c0-17.67-14.33-32-32-32z\"><\/path><\/svg><\/span>\n\t\t\t<span class='e-closed'><svg aria-hidden=\"true\" class=\"e-font-icon-svg e-fas-plus\" viewBox=\"0 0 448 512\" xmlns=\"http:\/\/www.w3.org\/2000\/svg\"><path d=\"M416 208H272V64c0-17.67-14.33-32-32-32h-32c-17.67 0-32 14.33-32 32v144H32c-17.67 0-32 14.33-32 32v32c0 17.67 14.33 32 32 32h144v144c0 17.67 14.33 32 32 32h32c17.67 0 32-14.33 32-32V304h144c17.67 0 32-14.33 32-32v-32c0-17.67-14.33-32-32-32z\"><\/path><\/svg><\/span>\n\t\t<\/span>\n\n\t\t\t\t\t\t<\/summary>\n\t\t\t\t<div role=\"region\" aria-labelledby=\"e-n-accordion-item-9680\" class=\"elementor-element elementor-element-ee9fd35 e-con-full e-flex e-con e-child\" data-id=\"ee9fd35\" data-element_type=\"container\">\n\t\t\t\t<div class=\"elementor-element elementor-element-d211078 elementor-widget elementor-widget-text-editor\" data-id=\"d211078\" data-element_type=\"widget\" data-widget_type=\"text-editor.default\">\n\t\t\t\t\t\t\t\t\t<p>Exceptuando trabajadores rurales y trabajadores contratados por un termino menor a un mes, este seguro de car\u00e1cter obligatorio, cubre a todos los empleados que se encuentran en relaci\u00f3n de dependencia.<\/p><ol><li><strong>Cobertura:<\/strong> muerte por cualquier causa en cualquier parte del mundo. Cobertura 24 hs.<\/li><li><strong>Tasa de Prima mensual:<\/strong> fijada por la SSN es del 0,205%.<\/li><li><strong>Suma asegurada fijada:<\/strong> por la SSN es de $55.000.<\/li><li><strong>Carencia de coberturas:<\/strong> 30 d\u00edas.<\/li><li><strong>REQUISITOS:<\/strong><br \/><strong>Trabajador en relaci\u00f3n de dependencia:<\/strong><br \/>\u2013 SOLICITUD DE EMISI\u00d3N.<br \/>\u2013 NOMINA DEL SUSS Y COMPROBANTE DE CUIT SI ES NUEVO ASEGURADO EN VICTORIA.<\/li><\/ol><p><em>*Las sumas aseguradas pueden sufrir variaciones.<\/em><\/p>\t\t\t\t\t\t\t\t<\/div>\n\t\t\t\t<\/div>\n\t\t\t\t\t<\/details>\n\t\t\t\t\t\t<details id=\"e-n-accordion-item-9681\" class=\"e-n-accordion-item\" >\n\t\t\t\t<summary class=\"e-n-accordion-item-title\" data-accordion-index=\"2\" tabindex=\"-1\" aria-expanded=\"false\" aria-controls=\"e-n-accordion-item-9681\" >\n\t\t\t\t\t<span class='e-n-accordion-item-title-header'><div class=\"e-n-accordion-item-title-text\"> Vida colectivo <\/div><\/span>\n\t\t\t\t\t\t\t<span class='e-n-accordion-item-title-icon'>\n\t\t\t<span class='e-opened' ><svg aria-hidden=\"true\" class=\"e-font-icon-svg e-fas-minus\" viewBox=\"0 0 448 512\" xmlns=\"http:\/\/www.w3.org\/2000\/svg\"><path d=\"M416 208H32c-17.67 0-32 14.33-32 32v32c0 17.67 14.33 32 32 32h384c17.67 0 32-14.33 32-32v-32c0-17.67-14.33-32-32-32z\"><\/path><\/svg><\/span>\n\t\t\t<span class='e-closed'><svg aria-hidden=\"true\" class=\"e-font-icon-svg e-fas-plus\" viewBox=\"0 0 448 512\" xmlns=\"http:\/\/www.w3.org\/2000\/svg\"><path d=\"M416 208H272V64c0-17.67-14.33-32-32-32h-32c-17.67 0-32 14.33-32 32v144H32c-17.67 0-32 14.33-32 32v32c0 17.67 14.33 32 32 32h144v144c0 17.67 14.33 32 32 32h32c17.67 0 32-14.33 32-32V304h144c17.67 0 32-14.33 32-32v-32c0-17.67-14.33-32-32-32z\"><\/path><\/svg><\/span>\n\t\t<\/span>\n\n\t\t\t\t\t\t<\/summary>\n\t\t\t\t<div role=\"region\" aria-labelledby=\"e-n-accordion-item-9681\" class=\"elementor-element elementor-element-ba65a29 e-con-full e-flex e-con e-child\" data-id=\"ba65a29\" data-element_type=\"container\">\n\t\t\t\t<div class=\"elementor-element elementor-element-ffbef83 elementor-widget elementor-widget-text-editor\" data-id=\"ffbef83\" data-element_type=\"widget\" data-widget_type=\"text-editor.default\">\n\t\t\t\t\t\t\t\t\t<p><strong>Optativos<\/strong>.<\/p><p>Este seguro se le ofrece como modo de otorgar cobertura de seguro a un grupo de personas en un s\u00f3lo y \u00fanico contrato.<\/p><p><strong>Coberturas<\/strong><\/p><ul><li>Muerte.<\/li><li>Invalidez total y permanente.<\/li><li>Doble Indemnizaci\u00f3n por muerte accidental.<\/li><li>P\u00e9rdidas f\u00edsicas parciales (desmembramiento por accidente).<\/li><li>Las 24 hs.<\/li><\/ul><p>\u00a0<\/p><p><strong>Modalidades de Contrataci\u00f3n<\/strong><\/p><ul><li>M\u00faltiplos de sueldo con capital m\u00e1ximo.<\/li><li>Escala de capitales.<\/li><li>Capitales individuales.<\/li><li>Capitales uniformes.<\/li><\/ul><p>\u00a0<\/p><p><strong>Convenio Mercantil \u2013 Convenci\u00f3n Colectiva de Trabajo Nro. 130\/75.<\/strong><\/p><ul><li><strong>Cobertura:<\/strong>\u00a0Muerte e Invalidez Total y Permanente por enfermedad y accidente. Cobertura 24 Hs.<\/li><li><strong>Tasa de Primas:<\/strong>\u00a0Uniforme a todo el Grupo.<\/li><li><strong>Suma asegurada:<\/strong>\u00a0$218.322.\u2013*<\/li><li><strong>Requisitos:<\/strong>\u00a0Empleado de comercio en relaci\u00f3n de dependencia \u2013 Solicitud designaci\u00f3n de beneficiarios \u2013 Para la cotizaci\u00f3n: Listados con fecha de nacimiento.<\/li><li><strong>Carencia de coberturas:<\/strong>\u00a0Desde inicio de vigencia siempre que est\u00e9n en servicio activo (cumpliendo el horario habitual). Aquellos que a la iniciaci\u00f3n del seguro no se encontraren en servicio activo, se consideraran asegurables despu\u00e9s que haya transcurrido un mes (no menos de 30 d\u00edas).<\/li><\/ul><p>\u00a0<\/p><p><strong>Los dependientes que en el futuro ingresan adquirir\u00e1n la calidad de asegurables al cumplir tres meses de antig\u00fcedad ininterrumpida en servicio activo.<\/strong><\/p><p><em>*Las sumas aseguradas pueden sufrir variaciones.<br \/><br \/><\/em><\/p><p><strong>Ley de Contrato de Trabajo \u2013 Ley 27.44.<\/strong><\/p><ul><li><strong>Cobertura:<\/strong>\u00a0Muerte e Invalidez Total y Permanente por enfermedad y accidente. Cobertura 24 Hs.<\/li><li><strong>Tasa de Primas:<\/strong>\u00a0Uniforme a todo el Grupo.<\/li><li><strong>Suma asegurada:<\/strong>\u00a0Seg\u00fan sueldo y antig\u00fcedad.<\/li><li><strong>Indemnizaci\u00f3n:<\/strong>\u00a0En caso de muerte la obligaci\u00f3n a indemnizar es de medio sueldo por cada a\u00f1o de antig\u00fcedad y en caso de incapacidad total y permanente, un sueldo por a\u00f1o de antig\u00fcedad.<\/li><li><strong>Requisitos:<\/strong>\u00a0Se cubre por listado de personal con relaci\u00f3n de dependencia, detall\u00e1ndose para cotizar: fechas de nacimiento \u2013 edades \u2013 antig\u00fcedad en el empleo \u2013 Sueldos o jornales.<\/li><li><strong>Carencia de coberturas:<\/strong>\u00a0Desde inicio de vigencia siempre que est\u00e9n en servicio activo (cumpliendo el horario habitual). Aquellos que a la iniciaci\u00f3n del seguro no se encontraren en servicio activo, se consideraran asegurables despu\u00e9s que haya transcurrido un mes (no menos de 30 d\u00edas).<\/li><\/ul><p>\u00a0<\/p><p><strong>Los dependientes que en el futuro ingresan adquirir\u00e1n la calidad de asegurables al cumplir tres meses de antig\u00fcedad ininterrumpida en servicio activo.<\/strong><\/p>\t\t\t\t\t\t\t\t<\/div>\n\t\t\t\t<\/div>\n\t\t\t\t\t<\/details>\n\t\t\t\t\t\t<details id=\"e-n-accordion-item-9682\" class=\"e-n-accordion-item\" >\n\t\t\t\t<summary class=\"e-n-accordion-item-title\" data-accordion-index=\"3\" tabindex=\"-1\" aria-expanded=\"false\" aria-controls=\"e-n-accordion-item-9682\" >\n\t\t\t\t\t<span class='e-n-accordion-item-title-header'><div class=\"e-n-accordion-item-title-text\"> Vida pe\u00f3n rural <\/div><\/span>\n\t\t\t\t\t\t\t<span class='e-n-accordion-item-title-icon'>\n\t\t\t<span class='e-opened' ><svg aria-hidden=\"true\" class=\"e-font-icon-svg e-fas-minus\" viewBox=\"0 0 448 512\" xmlns=\"http:\/\/www.w3.org\/2000\/svg\"><path d=\"M416 208H32c-17.67 0-32 14.33-32 32v32c0 17.67 14.33 32 32 32h384c17.67 0 32-14.33 32-32v-32c0-17.67-14.33-32-32-32z\"><\/path><\/svg><\/span>\n\t\t\t<span class='e-closed'><svg aria-hidden=\"true\" class=\"e-font-icon-svg e-fas-plus\" viewBox=\"0 0 448 512\" xmlns=\"http:\/\/www.w3.org\/2000\/svg\"><path d=\"M416 208H272V64c0-17.67-14.33-32-32-32h-32c-17.67 0-32 14.33-32 32v144H32c-17.67 0-32 14.33-32 32v32c0 17.67 14.33 32 32 32h144v144c0 17.67 14.33 32 32 32h32c17.67 0 32-14.33 32-32V304h144c17.67 0 32-14.33 32-32v-32c0-17.67-14.33-32-32-32z\"><\/path><\/svg><\/span>\n\t\t<\/span>\n\n\t\t\t\t\t\t<\/summary>\n\t\t\t\t<div role=\"region\" aria-labelledby=\"e-n-accordion-item-9682\" class=\"elementor-element elementor-element-c24acdf e-con-full e-flex e-con e-child\" data-id=\"c24acdf\" data-element_type=\"container\">\n\t\t\t\t<div class=\"elementor-element elementor-element-a494a16 elementor-widget elementor-widget-text-editor\" data-id=\"a494a16\" data-element_type=\"widget\" data-widget_type=\"text-editor.default\">\n\t\t\t\t\t\t\t\t\t<p>Este seguro se ofrece para todo el personal permanente que trabaja en las actividades rurales, comprendido en el entonces denominado Estatuto del Pe\u00f3n (actualmente denominado R\u00e9gimen Nacional del Trabajo Agrario) y en el r\u00e9gimen jubilatorio establecido para trabajadores rurales.<\/p><p>Tambi\u00e9n podr\u00e1n adherir los empleados y obreros que se hallen al servicio del empleador y no est\u00e9n comprendidos obligatoriamente en este seguro.<\/p><ol><li><strong>Cobertura:<\/strong> muerte e Invalidez Total y enfermedad y accidente. Cobertura 24 hs.<\/li><li><strong>Tasa de Primas:<\/strong> Uniforme a todo el grupo.<\/li><li><strong>Suma asegurada:<\/strong> Conforme reglamentaci\u00f3n.<\/li><li><strong>Carencia de coberturas:<\/strong> \u00eddem Vida Colectivo \u2013 Convenio Mercantil.<\/li><li><strong>REQUISITOS:<\/strong><br \/><strong>Trabajador Rural en relaci\u00f3n de dependencia:<\/strong><br \/>\u2013 SOLICITUD DE DESIGNACI\u00d3N DE BENEFICIARIOS.<br \/>\u2013 <strong>Para la cotizaci\u00f3n:<\/strong> listados con fecha de nacimiento.<\/li><\/ol><p>\u00a0<\/p><p><em>*Las sumas aseguradas pueden sufrir variaciones.<\/em><\/p>\t\t\t\t\t\t\t\t<\/div>\n\t\t\t\t<\/div>\n\t\t\t\t\t<\/details>\n\t\t\t\t\t<\/div>\n\t\t\t\t\t\t<\/div>\n\t\t\t\t<div class=\"elementor-element elementor-element-62a4ec8 elementor-widget elementor-widget-spacer\" data-id=\"62a4ec8\" data-element_type=\"widget\" data-widget_type=\"spacer.default\">\n\t\t\t\t\t\t\t<div class=\"elementor-spacer\">\n\t\t\t<div class=\"elementor-spacer-inner\"><\/div>\n\t\t<\/div>\n\t\t\t\t\t\t<\/div>\n\t\t\t\t<\/div>\n\t\t\t\t<\/div>\n\t\t<div class=\"elementor-element elementor-element-1afa329 e-con-full e-flex e-con e-parent\" data-id=\"1afa329\" data-element_type=\"container\">\n\t\t\t\t<div class=\"elementor-element elementor-element-0fe9b26 elementor-align-center elementor-mobile-align-justify elementor-widget elementor-widget-button\" data-id=\"0fe9b26\" data-element_type=\"widget\" data-widget_type=\"button.default\">\n\t\t\t\t\t\t\t\t\t\t<a class=\"elementor-button elementor-button-link elementor-size-lg\" href=\"#elementor-action%3Aaction%3Dpopup%3Aopen%26settings%3DeyJpZCI6IjE0MDM1IiwidG9nZ2xlIjpmYWxzZX0%3D\">\n\t\t\t\t\t\t<span class=\"elementor-button-content-wrapper\">\n\t\t\t\t\t\t<span class=\"elementor-button-icon\">\n\t\t\t\t<svg aria-hidden=\"true\" class=\"e-font-icon-svg e-far-comments\" viewBox=\"0 0 576 512\" xmlns=\"http:\/\/www.w3.org\/2000\/svg\"><path d=\"M532 386.2c27.5-27.1 44-61.1 44-98.2 0-80-76.5-146.1-176.2-157.9C368.3 72.5 294.3 32 208 32 93.1 32 0 103.6 0 192c0 37 16.5 71 44 98.2-15.3 30.7-37.3 54.5-37.7 54.9-6.3 6.7-8.1 16.5-4.4 25 3.6 8.5 12 14 21.2 14 53.5 0 96.7-20.2 125.2-38.8 9.2 2.1 18.7 3.7 28.4 4.9C208.1 407.6 281.8 448 368 448c20.8 0 40.8-2.4 59.8-6.8C456.3 459.7 499.4 480 553 480c9.2 0 17.5-5.5 21.2-14 3.6-8.5 1.9-18.3-4.4-25-.4-.3-22.5-24.1-37.8-54.8zm-392.8-92.3L122.1 305c-14.1 9.1-28.5 16.3-43.1 21.4 2.7-4.7 5.4-9.7 8-14.8l15.5-31.1L77.7 256C64.2 242.6 48 220.7 48 192c0-60.7 73.3-112 160-112s160 51.3 160 112-73.3 112-160 112c-16.5 0-33-1.9-49-5.6l-19.8-4.5zM498.3 352l-24.7 24.4 15.5 31.1c2.6 5.1 5.3 10.1 8 14.8-14.6-5.1-29-12.3-43.1-21.4l-17.1-11.1-19.9 4.6c-16 3.7-32.5 5.6-49 5.6-54 0-102.2-20.1-131.3-49.7C338 339.5 416 272.9 416 192c0-3.4-.4-6.7-.7-10C479.7 196.5 528 238.8 528 288c0 28.7-16.2 50.6-29.7 64z\"><\/path><\/svg>\t\t\t<\/span>\n\t\t\t\t\t\t\t\t\t<span class=\"elementor-button-text\">Me interesa<\/span>\n\t\t\t\t\t<\/span>\n\t\t\t\t\t<\/a>\n\t\t\t\t\t\t\t\t<\/div>\n\t\t\t\t<\/div>\n\t\t<div class=\"elementor-element elementor-element-8ac9125 e-con-full e-flex e-con e-parent\" data-id=\"8ac9125\" data-element_type=\"container\">\n\t\t\t\t<div class=\"elementor-element elementor-element-95dbd96 elementor-post-navigation-borders-yes elementor-widget elementor-widget-post-navigation\" data-id=\"95dbd96\" data-element_type=\"widget\" data-widget_type=\"post-navigation.default\">\n\t\t\t\t\t\t\t<div class=\"elementor-post-navigation\" role=\"navigation\" aria-label=\"Navegaci\u00f3n de la entrada\">\n\t\t\t<div class=\"elementor-post-navigation__prev elementor-post-navigation__link\">\n\t\t\t\t<a href=\"https:\/\/eduardomorosini.com\/victoria\/transporte\/\" rel=\"prev\"><span class=\"post-navigation__arrow-wrapper post-navigation__arrow-prev\"><svg aria-hidden=\"true\" class=\"e-font-icon-svg e-fas-angle-left\" viewBox=\"0 0 256 512\" xmlns=\"http:\/\/www.w3.org\/2000\/svg\"><path d=\"M31.7 239l136-136c9.4-9.4 24.6-9.4 33.9 0l22.6 22.6c9.4 9.4 9.4 24.6 0 33.9L127.9 256l96.4 96.4c9.4 9.4 9.4 24.6 0 33.9L201.7 409c-9.4 9.4-24.6 9.4-33.9 0l-136-136c-9.5-9.4-9.5-24.6-.1-34z\"><\/path><\/svg><span class=\"elementor-screen-only\">Ant<\/span><\/span><span class=\"elementor-post-navigation__link__prev\"><span class=\"post-navigation__prev--label\">Anterior<\/span><span class=\"post-navigation__prev--title\">Transporte<\/span><\/span><\/a>\t\t\t<\/div>\n\t\t\t\t\t\t\t<div class=\"elementor-post-navigation__separator-wrapper\">\n\t\t\t\t\t<div class=\"elementor-post-navigation__separator\"><\/div>\n\t\t\t\t<\/div>\n\t\t\t\t\t\t<div class=\"elementor-post-navigation__next elementor-post-navigation__link\">\n\t\t\t\t\t\t\t<\/div>\n\t\t<\/div>\n\t\t\t\t\t\t<\/div>\n\t\t\t\t<\/div>\n\t\t\t\t<\/div>\n\t\t","protected":false},"excerpt":{"rendered":"<p>Inicio \/ Seguros \/ Vida Vida A la hora de pensar en un seguro de Vida, Ud. debe pensar en una empresa que le ofrezca solidez financiera, experiencia, compromiso, servicio. Productos y servicios que ponemos a tu disposici\u00f3n. Vida obligatorio Exceptuando trabajadores rurales y trabajadores contratados por un termino menor a un mes, este seguro [&hellip;]<\/p>\n","protected":false},"author":1,"featured_media":0,"parent":0,"menu_order":0,"comment_status":"closed","ping_status":"closed","template":"","meta":{"footnotes":""},"class_list":["post-13935","page","type-page","status-publish","hentry"],"yoast_head":"<!-- This site is optimized with the Yoast SEO plugin v26.6 - https:\/\/yoast.com\/wordpress\/plugins\/seo\/ -->\n<title>Vida - Victoria Seguros<\/title>\n<meta name=\"robots\" content=\"index, follow, max-snippet:-1, max-image-preview:large, max-video-preview:-1\" \/>\n<link rel=\"canonical\" href=\"https:\/\/eduardomorosini.com\/victoria\/vida\/\" \/>\n<meta property=\"og:locale\" content=\"es_ES\" \/>\n<meta property=\"og:type\" content=\"article\" \/>\n<meta property=\"og:title\" content=\"Vida - Victoria Seguros\" \/>\n<meta property=\"og:description\" content=\"Inicio \/ Seguros \/ Vida Vida A la hora de pensar en un seguro de Vida, Ud. debe pensar en una empresa que le ofrezca solidez financiera, experiencia, compromiso, servicio. Productos y servicios que ponemos a tu disposici\u00f3n. Vida obligatorio Exceptuando trabajadores rurales y trabajadores contratados por un termino menor a un mes, este seguro [&hellip;]\" \/>\n<meta property=\"og:url\" content=\"https:\/\/eduardomorosini.com\/victoria\/vida\/\" \/>\n<meta property=\"og:site_name\" content=\"Victoria Seguros\" \/>\n<meta property=\"article:modified_time\" content=\"2025-11-24T20:18:42+00:00\" \/>\n<meta name=\"twitter:card\" content=\"summary_large_image\" \/>\n<script type=\"application\/ld+json\" class=\"yoast-schema-graph\">{\"@context\":\"https:\/\/schema.org\",\"@graph\":[{\"@type\":\"WebPage\",\"@id\":\"https:\/\/eduardomorosini.com\/victoria\/vida\/\",\"url\":\"https:\/\/eduardomorosini.com\/victoria\/vida\/\",\"name\":\"Vida - Victoria Seguros\",\"isPartOf\":{\"@id\":\"https:\/\/eduardomorosini.com\/victoria\/#website\"},\"datePublished\":\"2025-11-24T17:32:54+00:00\",\"dateModified\":\"2025-11-24T20:18:42+00:00\",\"breadcrumb\":{\"@id\":\"https:\/\/eduardomorosini.com\/victoria\/vida\/#breadcrumb\"},\"inLanguage\":\"es\",\"potentialAction\":[{\"@type\":\"ReadAction\",\"target\":[\"https:\/\/eduardomorosini.com\/victoria\/vida\/\"]}]},{\"@type\":\"BreadcrumbList\",\"@id\":\"https:\/\/eduardomorosini.com\/victoria\/vida\/#breadcrumb\",\"itemListElement\":[{\"@type\":\"ListItem\",\"position\":1,\"name\":\"Portada\",\"item\":\"https:\/\/eduardomorosini.com\/victoria\/\"},{\"@type\":\"ListItem\",\"position\":2,\"name\":\"Vida\"}]},{\"@type\":\"WebSite\",\"@id\":\"https:\/\/eduardomorosini.com\/victoria\/#website\",\"url\":\"https:\/\/eduardomorosini.com\/victoria\/\",\"name\":\"Victoria Seguros\",\"description\":\"Seguros para Automotores :: Empresas :: Cauci\u00f3n :: Agro :: ART :: Accidentes Personales ::\",\"publisher\":{\"@id\":\"https:\/\/eduardomorosini.com\/victoria\/#organization\"},\"potentialAction\":[{\"@type\":\"SearchAction\",\"target\":{\"@type\":\"EntryPoint\",\"urlTemplate\":\"https:\/\/eduardomorosini.com\/victoria\/?s={search_term_string}\"},\"query-input\":{\"@type\":\"PropertyValueSpecification\",\"valueRequired\":true,\"valueName\":\"search_term_string\"}}],\"inLanguage\":\"es\"},{\"@type\":\"Organization\",\"@id\":\"https:\/\/eduardomorosini.com\/victoria\/#organization\",\"name\":\"Victoria Seguros\",\"url\":\"https:\/\/eduardomorosini.com\/victoria\/\",\"logo\":{\"@type\":\"ImageObject\",\"inLanguage\":\"es\",\"@id\":\"https:\/\/eduardomorosini.com\/victoria\/#\/schema\/logo\/image\/\",\"url\":\"https:\/\/eduardomorosini.com\/victoria\/wp-content\/uploads\/2022\/03\/logo-victoria-seguros.png\",\"contentUrl\":\"https:\/\/eduardomorosini.com\/victoria\/wp-content\/uploads\/2022\/03\/logo-victoria-seguros.png\",\"width\":900,\"height\":400,\"caption\":\"Victoria Seguros\"},\"image\":{\"@id\":\"https:\/\/eduardomorosini.com\/victoria\/#\/schema\/logo\/image\/\"}}]}<\/script>\n<!-- \/ Yoast SEO plugin. -->","yoast_head_json":{"title":"Vida - Victoria Seguros","robots":{"index":"index","follow":"follow","max-snippet":"max-snippet:-1","max-image-preview":"max-image-preview:large","max-video-preview":"max-video-preview:-1"},"canonical":"https:\/\/eduardomorosini.com\/victoria\/vida\/","og_locale":"es_ES","og_type":"article","og_title":"Vida - Victoria Seguros","og_description":"Inicio \/ Seguros \/ Vida Vida A la hora de pensar en un seguro de Vida, Ud. debe pensar en una empresa que le ofrezca solidez financiera, experiencia, compromiso, servicio. Productos y servicios que ponemos a tu disposici\u00f3n. Vida obligatorio Exceptuando trabajadores rurales y trabajadores contratados por un termino menor a un mes, este seguro [&hellip;]","og_url":"https:\/\/eduardomorosini.com\/victoria\/vida\/","og_site_name":"Victoria Seguros","article_modified_time":"2025-11-24T20:18:42+00:00","twitter_card":"summary_large_image","schema":{"@context":"https:\/\/schema.org","@graph":[{"@type":"WebPage","@id":"https:\/\/eduardomorosini.com\/victoria\/vida\/","url":"https:\/\/eduardomorosini.com\/victoria\/vida\/","name":"Vida - Victoria Seguros","isPartOf":{"@id":"https:\/\/eduardomorosini.com\/victoria\/#website"},"datePublished":"2025-11-24T17:32:54+00:00","dateModified":"2025-11-24T20:18:42+00:00","breadcrumb":{"@id":"https:\/\/eduardomorosini.com\/victoria\/vida\/#breadcrumb"},"inLanguage":"es","potentialAction":[{"@type":"ReadAction","target":["https:\/\/eduardomorosini.com\/victoria\/vida\/"]}]},{"@type":"BreadcrumbList","@id":"https:\/\/eduardomorosini.com\/victoria\/vida\/#breadcrumb","itemListElement":[{"@type":"ListItem","position":1,"name":"Portada","item":"https:\/\/eduardomorosini.com\/victoria\/"},{"@type":"ListItem","position":2,"name":"Vida"}]},{"@type":"WebSite","@id":"https:\/\/eduardomorosini.com\/victoria\/#website","url":"https:\/\/eduardomorosini.com\/victoria\/","name":"Victoria Seguros","description":"Seguros para Automotores :: Empresas :: Cauci\u00f3n :: Agro :: ART :: Accidentes Personales ::","publisher":{"@id":"https:\/\/eduardomorosini.com\/victoria\/#organization"},"potentialAction":[{"@type":"SearchAction","target":{"@type":"EntryPoint","urlTemplate":"https:\/\/eduardomorosini.com\/victoria\/?s={search_term_string}"},"query-input":{"@type":"PropertyValueSpecification","valueRequired":true,"valueName":"search_term_string"}}],"inLanguage":"es"},{"@type":"Organization","@id":"https:\/\/eduardomorosini.com\/victoria\/#organization","name":"Victoria Seguros","url":"https:\/\/eduardomorosini.com\/victoria\/","logo":{"@type":"ImageObject","inLanguage":"es","@id":"https:\/\/eduardomorosini.com\/victoria\/#\/schema\/logo\/image\/","url":"https:\/\/eduardomorosini.com\/victoria\/wp-content\/uploads\/2022\/03\/logo-victoria-seguros.png","contentUrl":"https:\/\/eduardomorosini.com\/victoria\/wp-content\/uploads\/2022\/03\/logo-victoria-seguros.png","width":900,"height":400,"caption":"Victoria Seguros"},"image":{"@id":"https:\/\/eduardomorosini.com\/victoria\/#\/schema\/logo\/image\/"}}]}},"_links":{"self":[{"href":"https:\/\/eduardomorosini.com\/victoria\/wp-json\/wp\/v2\/pages\/13935","targetHints":{"allow":["GET"]}}],"collection":[{"href":"https:\/\/eduardomorosini.com\/victoria\/wp-json\/wp\/v2\/pages"}],"about":[{"href":"https:\/\/eduardomorosini.com\/victoria\/wp-json\/wp\/v2\/types\/page"}],"author":[{"embeddable":true,"href":"https:\/\/eduardomorosini.com\/victoria\/wp-json\/wp\/v2\/users\/1"}],"replies":[{"embeddable":true,"href":"https:\/\/eduardomorosini.com\/victoria\/wp-json\/wp\/v2\/comments?post=13935"}],"version-history":[{"count":25,"href":"https:\/\/eduardomorosini.com\/victoria\/wp-json\/wp\/v2\/pages\/13935\/revisions"}],"predecessor-version":[{"id":14131,"href":"https:\/\/eduardomorosini.com\/victoria\/wp-json\/wp\/v2\/pages\/13935\/revisions\/14131"}],"wp:attachment":[{"href":"https:\/\/eduardomorosini.com\/victoria\/wp-json\/wp\/v2\/media?parent=13935"}],"curies":[{"name":"wp","href":"https:\/\/api.w.org\/{rel}","templated":true}]}}