{"id":13916,"date":"2025-11-24T14:22:13","date_gmt":"2025-11-24T17:22:13","guid":{"rendered":"https:\/\/eduardomorosini.com\/victoria\/?page_id=13916"},"modified":"2025-11-24T17:18:23","modified_gmt":"2025-11-24T20:18:23","slug":"transporte","status":"publish","type":"page","link":"https:\/\/eduardomorosini.com\/victoria\/transporte\/","title":{"rendered":"Transporte"},"content":{"rendered":"\t\t<div data-elementor-type=\"wp-page\" data-elementor-id=\"13916\" class=\"elementor elementor-13916\" data-elementor-post-type=\"page\">\n\t\t\t\t<div class=\"elementor-element elementor-element-adce0f8 e-con-full elementor-hidden-tablet elementor-hidden-mobile e-flex e-con e-parent\" data-id=\"adce0f8\" data-element_type=\"container\" data-settings=\"{&quot;background_background&quot;:&quot;classic&quot;}\">\n\t\t\t\t<div class=\"elementor-element elementor-element-1074235 elementor-widget elementor-widget-heading\" data-id=\"1074235\" data-element_type=\"widget\" data-widget_type=\"heading.default\">\n\t\t\t\t\t<h1 class=\"elementor-heading-title elementor-size-default\"><a href=\"https:\/\/eduardomorosini.com\/victoria\">Inicio<\/a><\/h1>\t\t\t\t<\/div>\n\t\t\t\t<div class=\"elementor-element elementor-element-f9b8388 elementor-widget elementor-widget-heading\" data-id=\"f9b8388\" data-element_type=\"widget\" data-widget_type=\"heading.default\">\n\t\t\t\t\t<h1 class=\"elementor-heading-title elementor-size-default\"><a href=\"https:\/\/eduardomorosini.com\/victoria\/seguros\/\">\/ Seguros<\/a><\/h1>\t\t\t\t<\/div>\n\t\t\t\t<div class=\"elementor-element elementor-element-555f6b7 elementor-widget elementor-widget-heading\" data-id=\"555f6b7\" data-element_type=\"widget\" data-widget_type=\"heading.default\">\n\t\t\t\t\t<h3 class=\"elementor-heading-title elementor-size-default\">\/ Transporte<\/h3>\t\t\t\t<\/div>\n\t\t\t\t<\/div>\n\t\t<div class=\"elementor-element elementor-element-b2ab460 e-con-full elementor-hidden-desktop e-flex e-con e-parent\" data-id=\"b2ab460\" data-element_type=\"container\" data-settings=\"{&quot;background_background&quot;:&quot;gradient&quot;}\">\n\t\t\t\t<div class=\"elementor-element elementor-element-297ef74 elementor-widget elementor-widget-heading\" data-id=\"297ef74\" data-element_type=\"widget\" data-widget_type=\"heading.default\">\n\t\t\t\t\t<h3 class=\"elementor-heading-title elementor-size-default\">Transporte<\/h3>\t\t\t\t<\/div>\n\t\t\t\t<\/div>\n\t\t<div class=\"elementor-element elementor-element-85321c3 e-con-full e-flex e-con e-child\" data-id=\"85321c3\" data-element_type=\"container\" data-settings=\"{&quot;background_background&quot;:&quot;classic&quot;}\">\n\t\t\t\t<\/div>\n\t\t<div class=\"elementor-element elementor-element-159434b e-con-full e-flex e-con e-parent\" data-id=\"159434b\" data-element_type=\"container\">\n\t\t<div class=\"elementor-element elementor-element-9d6447a e-con-full e-flex e-con e-child\" data-id=\"9d6447a\" data-element_type=\"container\">\n\t\t\t\t<div class=\"elementor-element elementor-element-56b0c5b elementor-widget elementor-widget-text-editor\" data-id=\"56b0c5b\" data-element_type=\"widget\" data-widget_type=\"text-editor.default\">\n\t\t\t\t\t\t\t\t\t<p>Coberturas que protege, hasta su destino final, las mercader\u00edas \/ productos que importa, exporta o traslada su empresa, evit\u00e1ndole p\u00e9rdidas innecesarias en su negocio (econ\u00f3micas y de mercado).<\/p><p><strong>Productos y servicios que ponemos a tu disposici\u00f3n.<\/strong><\/p>\t\t\t\t\t\t\t\t<\/div>\n\t\t\t\t<\/div>\n\t\t<div class=\"elementor-element elementor-element-cf37b40 e-con-full e-flex e-con e-child\" data-id=\"cf37b40\" data-element_type=\"container\">\n\t\t\t\t<div class=\"elementor-element elementor-element-24260d6 elementor-widget elementor-widget-text-editor\" data-id=\"24260d6\" data-element_type=\"widget\" data-widget_type=\"text-editor.default\">\n\t\t\t\t\t\t\t\t\t<p><strong>Coberturas en:<\/strong><\/p><ul><li>Transporte Terrestre.<\/li><li>Transporte A\u00e9reo.<\/li><li>Transporte Mar\u00edtimo.<\/li><li>Transporte Fluvial.<\/li><\/ul>\t\t\t\t\t\t\t\t<\/div>\n\t\t\t\t<\/div>\n\t\t\t\t<\/div>\n\t\t<div class=\"elementor-element elementor-element-7cc95af e-con-full e-flex e-con e-parent\" data-id=\"7cc95af\" data-element_type=\"container\">\n\t\t\t\t<div class=\"elementor-element elementor-element-60e0f86 elementor-align-center elementor-mobile-align-justify elementor-widget elementor-widget-button\" data-id=\"60e0f86\" data-element_type=\"widget\" data-widget_type=\"button.default\">\n\t\t\t\t\t\t\t\t\t\t<a class=\"elementor-button elementor-button-link elementor-size-lg\" href=\"#elementor-action%3Aaction%3Dpopup%3Aopen%26settings%3DeyJpZCI6IjE0MDM1IiwidG9nZ2xlIjpmYWxzZX0%3D\">\n\t\t\t\t\t\t<span class=\"elementor-button-content-wrapper\">\n\t\t\t\t\t\t<span class=\"elementor-button-icon\">\n\t\t\t\t<svg aria-hidden=\"true\" class=\"e-font-icon-svg e-far-comments\" viewBox=\"0 0 576 512\" xmlns=\"http:\/\/www.w3.org\/2000\/svg\"><path d=\"M532 386.2c27.5-27.1 44-61.1 44-98.2 0-80-76.5-146.1-176.2-157.9C368.3 72.5 294.3 32 208 32 93.1 32 0 103.6 0 192c0 37 16.5 71 44 98.2-15.3 30.7-37.3 54.5-37.7 54.9-6.3 6.7-8.1 16.5-4.4 25 3.6 8.5 12 14 21.2 14 53.5 0 96.7-20.2 125.2-38.8 9.2 2.1 18.7 3.7 28.4 4.9C208.1 407.6 281.8 448 368 448c20.8 0 40.8-2.4 59.8-6.8C456.3 459.7 499.4 480 553 480c9.2 0 17.5-5.5 21.2-14 3.6-8.5 1.9-18.3-4.4-25-.4-.3-22.5-24.1-37.8-54.8zm-392.8-92.3L122.1 305c-14.1 9.1-28.5 16.3-43.1 21.4 2.7-4.7 5.4-9.7 8-14.8l15.5-31.1L77.7 256C64.2 242.6 48 220.7 48 192c0-60.7 73.3-112 160-112s160 51.3 160 112-73.3 112-160 112c-16.5 0-33-1.9-49-5.6l-19.8-4.5zM498.3 352l-24.7 24.4 15.5 31.1c2.6 5.1 5.3 10.1 8 14.8-14.6-5.1-29-12.3-43.1-21.4l-17.1-11.1-19.9 4.6c-16 3.7-32.5 5.6-49 5.6-54 0-102.2-20.1-131.3-49.7C338 339.5 416 272.9 416 192c0-3.4-.4-6.7-.7-10C479.7 196.5 528 238.8 528 288c0 28.7-16.2 50.6-29.7 64z\"><\/path><\/svg>\t\t\t<\/span>\n\t\t\t\t\t\t\t\t\t<span class=\"elementor-button-text\">Me interesa<\/span>\n\t\t\t\t\t<\/span>\n\t\t\t\t\t<\/a>\n\t\t\t\t\t\t\t\t<\/div>\n\t\t\t\t<\/div>\n\t\t<div class=\"elementor-element elementor-element-ac0ff5f e-con-full e-flex e-con e-parent\" data-id=\"ac0ff5f\" data-element_type=\"container\">\n\t\t\t\t<div class=\"elementor-element elementor-element-8576437 elementor-post-navigation-borders-yes elementor-widget elementor-widget-post-navigation\" data-id=\"8576437\" data-element_type=\"widget\" data-widget_type=\"post-navigation.default\">\n\t\t\t\t\t\t\t<div class=\"elementor-post-navigation\" role=\"navigation\" aria-label=\"Navegaci\u00f3n de la entrada\">\n\t\t\t<div class=\"elementor-post-navigation__prev elementor-post-navigation__link\">\n\t\t\t\t<a href=\"https:\/\/eduardomorosini.com\/victoria\/integral-de-consorcio\/\" rel=\"prev\"><span class=\"post-navigation__arrow-wrapper post-navigation__arrow-prev\"><svg aria-hidden=\"true\" class=\"e-font-icon-svg e-fas-angle-left\" viewBox=\"0 0 256 512\" xmlns=\"http:\/\/www.w3.org\/2000\/svg\"><path d=\"M31.7 239l136-136c9.4-9.4 24.6-9.4 33.9 0l22.6 22.6c9.4 9.4 9.4 24.6 0 33.9L127.9 256l96.4 96.4c9.4 9.4 9.4 24.6 0 33.9L201.7 409c-9.4 9.4-24.6 9.4-33.9 0l-136-136c-9.5-9.4-9.5-24.6-.1-34z\"><\/path><\/svg><span class=\"elementor-screen-only\">Ant<\/span><\/span><span class=\"elementor-post-navigation__link__prev\"><span class=\"post-navigation__prev--label\">Anterior<\/span><span class=\"post-navigation__prev--title\">Integral de Consorcio<\/span><\/span><\/a>\t\t\t<\/div>\n\t\t\t\t\t\t\t<div class=\"elementor-post-navigation__separator-wrapper\">\n\t\t\t\t\t<div class=\"elementor-post-navigation__separator\"><\/div>\n\t\t\t\t<\/div>\n\t\t\t\t\t\t<div class=\"elementor-post-navigation__next elementor-post-navigation__link\">\n\t\t\t\t<a href=\"https:\/\/eduardomorosini.com\/victoria\/vida\/\" rel=\"next\"><span class=\"elementor-post-navigation__link__next\"><span class=\"post-navigation__next--label\">Siguiente<\/span><span class=\"post-navigation__next--title\">Vida<\/span><\/span><span class=\"post-navigation__arrow-wrapper post-navigation__arrow-next\"><svg aria-hidden=\"true\" class=\"e-font-icon-svg e-fas-angle-right\" viewBox=\"0 0 256 512\" xmlns=\"http:\/\/www.w3.org\/2000\/svg\"><path d=\"M224.3 273l-136 136c-9.4 9.4-24.6 9.4-33.9 0l-22.6-22.6c-9.4-9.4-9.4-24.6 0-33.9l96.4-96.4-96.4-96.4c-9.4-9.4-9.4-24.6 0-33.9L54.3 103c9.4-9.4 24.6-9.4 33.9 0l136 136c9.5 9.4 9.5 24.6.1 34z\"><\/path><\/svg><span class=\"elementor-screen-only\">Siguiente<\/span><\/span><\/a>\t\t\t<\/div>\n\t\t<\/div>\n\t\t\t\t\t\t<\/div>\n\t\t\t\t<\/div>\n\t\t\t\t<\/div>\n\t\t","protected":false},"excerpt":{"rendered":"<p>Inicio \/ Seguros \/ Transporte Transporte Coberturas que protege, hasta su destino final, las mercader\u00edas \/ productos que importa, exporta o traslada su empresa, evit\u00e1ndole p\u00e9rdidas innecesarias en su negocio (econ\u00f3micas y de mercado). Productos y servicios que ponemos a tu disposici\u00f3n. Coberturas en: Transporte Terrestre. Transporte A\u00e9reo. Transporte Mar\u00edtimo. Transporte Fluvial. Me interesa<\/p>\n","protected":false},"author":1,"featured_media":0,"parent":0,"menu_order":0,"comment_status":"closed","ping_status":"closed","template":"","meta":{"footnotes":""},"class_list":["post-13916","page","type-page","status-publish","hentry"],"yoast_head":"<!-- This site is optimized with the Yoast SEO plugin v26.6 - https:\/\/yoast.com\/wordpress\/plugins\/seo\/ -->\n<title>Transporte - Victoria Seguros<\/title>\n<meta name=\"robots\" content=\"index, follow, max-snippet:-1, max-image-preview:large, max-video-preview:-1\" \/>\n<link rel=\"canonical\" href=\"https:\/\/eduardomorosini.com\/victoria\/transporte\/\" \/>\n<meta property=\"og:locale\" content=\"es_ES\" \/>\n<meta property=\"og:type\" content=\"article\" \/>\n<meta property=\"og:title\" content=\"Transporte - Victoria Seguros\" \/>\n<meta property=\"og:description\" content=\"Inicio \/ Seguros \/ Transporte Transporte Coberturas que protege, hasta su destino final, las mercader\u00edas \/ productos que importa, exporta o traslada su empresa, evit\u00e1ndole p\u00e9rdidas innecesarias en su negocio (econ\u00f3micas y de mercado). Productos y servicios que ponemos a tu disposici\u00f3n. Coberturas en: Transporte Terrestre. Transporte A\u00e9reo. Transporte Mar\u00edtimo. Transporte Fluvial. Me interesa\" \/>\n<meta property=\"og:url\" content=\"https:\/\/eduardomorosini.com\/victoria\/transporte\/\" \/>\n<meta property=\"og:site_name\" content=\"Victoria Seguros\" \/>\n<meta property=\"article:modified_time\" content=\"2025-11-24T20:18:23+00:00\" \/>\n<meta name=\"twitter:card\" content=\"summary_large_image\" \/>\n<script type=\"application\/ld+json\" class=\"yoast-schema-graph\">{\"@context\":\"https:\/\/schema.org\",\"@graph\":[{\"@type\":\"WebPage\",\"@id\":\"https:\/\/eduardomorosini.com\/victoria\/transporte\/\",\"url\":\"https:\/\/eduardomorosini.com\/victoria\/transporte\/\",\"name\":\"Transporte - Victoria Seguros\",\"isPartOf\":{\"@id\":\"https:\/\/eduardomorosini.com\/victoria\/#website\"},\"datePublished\":\"2025-11-24T17:22:13+00:00\",\"dateModified\":\"2025-11-24T20:18:23+00:00\",\"breadcrumb\":{\"@id\":\"https:\/\/eduardomorosini.com\/victoria\/transporte\/#breadcrumb\"},\"inLanguage\":\"es\",\"potentialAction\":[{\"@type\":\"ReadAction\",\"target\":[\"https:\/\/eduardomorosini.com\/victoria\/transporte\/\"]}]},{\"@type\":\"BreadcrumbList\",\"@id\":\"https:\/\/eduardomorosini.com\/victoria\/transporte\/#breadcrumb\",\"itemListElement\":[{\"@type\":\"ListItem\",\"position\":1,\"name\":\"Portada\",\"item\":\"https:\/\/eduardomorosini.com\/victoria\/\"},{\"@type\":\"ListItem\",\"position\":2,\"name\":\"Transporte\"}]},{\"@type\":\"WebSite\",\"@id\":\"https:\/\/eduardomorosini.com\/victoria\/#website\",\"url\":\"https:\/\/eduardomorosini.com\/victoria\/\",\"name\":\"Victoria Seguros\",\"description\":\"Seguros para Automotores :: Empresas :: Cauci\u00f3n :: Agro :: ART :: Accidentes Personales ::\",\"publisher\":{\"@id\":\"https:\/\/eduardomorosini.com\/victoria\/#organization\"},\"potentialAction\":[{\"@type\":\"SearchAction\",\"target\":{\"@type\":\"EntryPoint\",\"urlTemplate\":\"https:\/\/eduardomorosini.com\/victoria\/?s={search_term_string}\"},\"query-input\":{\"@type\":\"PropertyValueSpecification\",\"valueRequired\":true,\"valueName\":\"search_term_string\"}}],\"inLanguage\":\"es\"},{\"@type\":\"Organization\",\"@id\":\"https:\/\/eduardomorosini.com\/victoria\/#organization\",\"name\":\"Victoria Seguros\",\"url\":\"https:\/\/eduardomorosini.com\/victoria\/\",\"logo\":{\"@type\":\"ImageObject\",\"inLanguage\":\"es\",\"@id\":\"https:\/\/eduardomorosini.com\/victoria\/#\/schema\/logo\/image\/\",\"url\":\"https:\/\/eduardomorosini.com\/victoria\/wp-content\/uploads\/2022\/03\/logo-victoria-seguros.png\",\"contentUrl\":\"https:\/\/eduardomorosini.com\/victoria\/wp-content\/uploads\/2022\/03\/logo-victoria-seguros.png\",\"width\":900,\"height\":400,\"caption\":\"Victoria Seguros\"},\"image\":{\"@id\":\"https:\/\/eduardomorosini.com\/victoria\/#\/schema\/logo\/image\/\"}}]}<\/script>\n<!-- \/ Yoast SEO plugin. -->","yoast_head_json":{"title":"Transporte - Victoria Seguros","robots":{"index":"index","follow":"follow","max-snippet":"max-snippet:-1","max-image-preview":"max-image-preview:large","max-video-preview":"max-video-preview:-1"},"canonical":"https:\/\/eduardomorosini.com\/victoria\/transporte\/","og_locale":"es_ES","og_type":"article","og_title":"Transporte - Victoria Seguros","og_description":"Inicio \/ Seguros \/ Transporte Transporte Coberturas que protege, hasta su destino final, las mercader\u00edas \/ productos que importa, exporta o traslada su empresa, evit\u00e1ndole p\u00e9rdidas innecesarias en su negocio (econ\u00f3micas y de mercado). Productos y servicios que ponemos a tu disposici\u00f3n. Coberturas en: Transporte Terrestre. Transporte A\u00e9reo. Transporte Mar\u00edtimo. Transporte Fluvial. Me interesa","og_url":"https:\/\/eduardomorosini.com\/victoria\/transporte\/","og_site_name":"Victoria Seguros","article_modified_time":"2025-11-24T20:18:23+00:00","twitter_card":"summary_large_image","schema":{"@context":"https:\/\/schema.org","@graph":[{"@type":"WebPage","@id":"https:\/\/eduardomorosini.com\/victoria\/transporte\/","url":"https:\/\/eduardomorosini.com\/victoria\/transporte\/","name":"Transporte - Victoria Seguros","isPartOf":{"@id":"https:\/\/eduardomorosini.com\/victoria\/#website"},"datePublished":"2025-11-24T17:22:13+00:00","dateModified":"2025-11-24T20:18:23+00:00","breadcrumb":{"@id":"https:\/\/eduardomorosini.com\/victoria\/transporte\/#breadcrumb"},"inLanguage":"es","potentialAction":[{"@type":"ReadAction","target":["https:\/\/eduardomorosini.com\/victoria\/transporte\/"]}]},{"@type":"BreadcrumbList","@id":"https:\/\/eduardomorosini.com\/victoria\/transporte\/#breadcrumb","itemListElement":[{"@type":"ListItem","position":1,"name":"Portada","item":"https:\/\/eduardomorosini.com\/victoria\/"},{"@type":"ListItem","position":2,"name":"Transporte"}]},{"@type":"WebSite","@id":"https:\/\/eduardomorosini.com\/victoria\/#website","url":"https:\/\/eduardomorosini.com\/victoria\/","name":"Victoria Seguros","description":"Seguros para Automotores :: Empresas :: Cauci\u00f3n :: Agro :: ART :: Accidentes Personales ::","publisher":{"@id":"https:\/\/eduardomorosini.com\/victoria\/#organization"},"potentialAction":[{"@type":"SearchAction","target":{"@type":"EntryPoint","urlTemplate":"https:\/\/eduardomorosini.com\/victoria\/?s={search_term_string}"},"query-input":{"@type":"PropertyValueSpecification","valueRequired":true,"valueName":"search_term_string"}}],"inLanguage":"es"},{"@type":"Organization","@id":"https:\/\/eduardomorosini.com\/victoria\/#organization","name":"Victoria Seguros","url":"https:\/\/eduardomorosini.com\/victoria\/","logo":{"@type":"ImageObject","inLanguage":"es","@id":"https:\/\/eduardomorosini.com\/victoria\/#\/schema\/logo\/image\/","url":"https:\/\/eduardomorosini.com\/victoria\/wp-content\/uploads\/2022\/03\/logo-victoria-seguros.png","contentUrl":"https:\/\/eduardomorosini.com\/victoria\/wp-content\/uploads\/2022\/03\/logo-victoria-seguros.png","width":900,"height":400,"caption":"Victoria Seguros"},"image":{"@id":"https:\/\/eduardomorosini.com\/victoria\/#\/schema\/logo\/image\/"}}]}},"_links":{"self":[{"href":"https:\/\/eduardomorosini.com\/victoria\/wp-json\/wp\/v2\/pages\/13916","targetHints":{"allow":["GET"]}}],"collection":[{"href":"https:\/\/eduardomorosini.com\/victoria\/wp-json\/wp\/v2\/pages"}],"about":[{"href":"https:\/\/eduardomorosini.com\/victoria\/wp-json\/wp\/v2\/types\/page"}],"author":[{"embeddable":true,"href":"https:\/\/eduardomorosini.com\/victoria\/wp-json\/wp\/v2\/users\/1"}],"replies":[{"embeddable":true,"href":"https:\/\/eduardomorosini.com\/victoria\/wp-json\/wp\/v2\/comments?post=13916"}],"version-history":[{"count":13,"href":"https:\/\/eduardomorosini.com\/victoria\/wp-json\/wp\/v2\/pages\/13916\/revisions"}],"predecessor-version":[{"id":14127,"href":"https:\/\/eduardomorosini.com\/victoria\/wp-json\/wp\/v2\/pages\/13916\/revisions\/14127"}],"wp:attachment":[{"href":"https:\/\/eduardomorosini.com\/victoria\/wp-json\/wp\/v2\/media?parent=13916"}],"curies":[{"name":"wp","href":"https:\/\/api.w.org\/{rel}","templated":true}]}}