{"id":12808,"date":"2025-06-16T06:18:00","date_gmt":"2025-06-16T09:18:00","guid":{"rendered":"https:\/\/eduardomorosini.com\/victoria\/?page_id=12808"},"modified":"2025-11-24T16:43:07","modified_gmt":"2025-11-24T19:43:07","slug":"accidentes-personales","status":"publish","type":"page","link":"https:\/\/eduardomorosini.com\/victoria\/accidentes-personales\/","title":{"rendered":"Accidentes Personales"},"content":{"rendered":"\t\t<div data-elementor-type=\"wp-page\" data-elementor-id=\"12808\" class=\"elementor elementor-12808\" data-elementor-post-type=\"page\">\n\t\t\t\t<div class=\"elementor-element elementor-element-bb54baa e-con-full elementor-hidden-tablet elementor-hidden-mobile e-flex e-con e-parent\" data-id=\"bb54baa\" data-element_type=\"container\" data-settings=\"{&quot;background_background&quot;:&quot;classic&quot;}\">\n\t\t\t\t<div class=\"elementor-element elementor-element-2494028 elementor-widget elementor-widget-heading\" data-id=\"2494028\" data-element_type=\"widget\" data-widget_type=\"heading.default\">\n\t\t\t\t\t<h1 class=\"elementor-heading-title elementor-size-default\"><a href=\"https:\/\/eduardomorosini.com\/victoria\">Inicio<\/a><\/h1>\t\t\t\t<\/div>\n\t\t\t\t<div class=\"elementor-element elementor-element-5eb867d elementor-widget elementor-widget-heading\" data-id=\"5eb867d\" data-element_type=\"widget\" data-widget_type=\"heading.default\">\n\t\t\t\t\t<h1 class=\"elementor-heading-title elementor-size-default\"><a href=\"https:\/\/eduardomorosini.com\/victoria\/seguros\/\">\/ Seguros<\/a><\/h1>\t\t\t\t<\/div>\n\t\t\t\t<div class=\"elementor-element elementor-element-65db650 elementor-widget elementor-widget-heading\" data-id=\"65db650\" data-element_type=\"widget\" data-widget_type=\"heading.default\">\n\t\t\t\t\t<h3 class=\"elementor-heading-title elementor-size-default\">\/ Accidentes Personales<\/h3>\t\t\t\t<\/div>\n\t\t\t\t<\/div>\n\t\t<div class=\"elementor-element elementor-element-056b0d4 e-con-full elementor-hidden-desktop e-flex e-con e-parent\" data-id=\"056b0d4\" data-element_type=\"container\" data-settings=\"{&quot;background_background&quot;:&quot;gradient&quot;}\">\n\t\t\t\t<div class=\"elementor-element elementor-element-0191ba8 elementor-widget elementor-widget-heading\" data-id=\"0191ba8\" data-element_type=\"widget\" data-widget_type=\"heading.default\">\n\t\t\t\t\t<h3 class=\"elementor-heading-title elementor-size-default\">Accidentes Personales<\/h3>\t\t\t\t<\/div>\n\t\t\t\t<\/div>\n\t\t<div class=\"elementor-element elementor-element-724d703 e-con-full e-flex e-con e-child\" data-id=\"724d703\" data-element_type=\"container\" data-settings=\"{&quot;background_background&quot;:&quot;classic&quot;}\">\n\t\t\t\t<\/div>\n\t\t<div class=\"elementor-element elementor-element-33238b4 e-con-full e-flex e-con e-parent\" data-id=\"33238b4\" data-element_type=\"container\">\n\t\t<div class=\"elementor-element elementor-element-6697d5d e-con-full e-flex e-con e-child\" data-id=\"6697d5d\" data-element_type=\"container\">\n\t\t\t\t<div class=\"elementor-element elementor-element-cdaaa6d elementor-widget elementor-widget-text-editor\" data-id=\"cdaaa6d\" data-element_type=\"widget\" data-widget_type=\"text-editor.default\">\n\t\t\t\t\t\t\t\t\t<p><strong>VICTORIA SEGUROS<\/strong> cuenta con una amplia gama de seguros que responden a tus necesidades en materia de cobertura de los riesgos patrimoniales y personales.<\/p><p><strong>Productos y servicios que ponemos a tu disposici\u00f3n.<\/strong><\/p>\t\t\t\t\t\t\t\t<\/div>\n\t\t\t\t<\/div>\n\t\t<div class=\"elementor-element elementor-element-aefae14 e-con-full e-flex e-con e-child\" data-id=\"aefae14\" data-element_type=\"container\">\n\t\t\t\t<div class=\"elementor-element elementor-element-90a28fe elementor-widget elementor-widget-n-accordion\" data-id=\"90a28fe\" data-element_type=\"widget\" data-settings=\"{&quot;default_state&quot;:&quot;expanded&quot;,&quot;max_items_expended&quot;:&quot;one&quot;,&quot;n_accordion_animation_duration&quot;:{&quot;unit&quot;:&quot;ms&quot;,&quot;size&quot;:400,&quot;sizes&quot;:[]}}\" data-widget_type=\"nested-accordion.default\">\n\t\t\t\t\t\t\t<div class=\"e-n-accordion\" aria-label=\"Accordion. Open links with Enter or Space, close with Escape, and navigate with Arrow Keys\">\n\t\t\t\t\t\t<details id=\"e-n-accordion-item-1510\" class=\"e-n-accordion-item\" open>\n\t\t\t\t<summary class=\"e-n-accordion-item-title\" data-accordion-index=\"1\" tabindex=\"0\" aria-expanded=\"true\" aria-controls=\"e-n-accordion-item-1510\" >\n\t\t\t\t\t<span class='e-n-accordion-item-title-header'><div class=\"e-n-accordion-item-title-text\"> Accidentes Personales <\/div><\/span>\n\t\t\t\t\t\t\t<span class='e-n-accordion-item-title-icon'>\n\t\t\t<span class='e-opened' ><svg aria-hidden=\"true\" class=\"e-font-icon-svg e-fas-minus\" viewBox=\"0 0 448 512\" xmlns=\"http:\/\/www.w3.org\/2000\/svg\"><path d=\"M416 208H32c-17.67 0-32 14.33-32 32v32c0 17.67 14.33 32 32 32h384c17.67 0 32-14.33 32-32v-32c0-17.67-14.33-32-32-32z\"><\/path><\/svg><\/span>\n\t\t\t<span class='e-closed'><svg aria-hidden=\"true\" class=\"e-font-icon-svg e-fas-plus\" viewBox=\"0 0 448 512\" xmlns=\"http:\/\/www.w3.org\/2000\/svg\"><path d=\"M416 208H272V64c0-17.67-14.33-32-32-32h-32c-17.67 0-32 14.33-32 32v144H32c-17.67 0-32 14.33-32 32v32c0 17.67 14.33 32 32 32h144v144c0 17.67 14.33 32 32 32h32c17.67 0 32-14.33 32-32V304h144c17.67 0 32-14.33 32-32v-32c0-17.67-14.33-32-32-32z\"><\/path><\/svg><\/span>\n\t\t<\/span>\n\n\t\t\t\t\t\t<\/summary>\n\t\t\t\t<div role=\"region\" aria-labelledby=\"e-n-accordion-item-1510\" class=\"elementor-element elementor-element-eab515a e-con-full e-flex e-con e-child\" data-id=\"eab515a\" data-element_type=\"container\">\n\t\t\t\t<div class=\"elementor-element elementor-element-8e35973 elementor-widget elementor-widget-text-editor\" data-id=\"8e35973\" data-element_type=\"widget\" data-widget_type=\"text-editor.default\">\n\t\t\t\t\t\t\t\t\t<p>En\u00a0<strong>VICTORIA SEGUROS<\/strong>\u00a0trabajamos d\u00eda a \u00eda pensando en la tranquilidad de nuestros asegurados. Por ello ponemos a su disposici\u00f3n nuestra p\u00f3liza de Accidentes Personales, una p\u00f3liza que protege a usted y\/o a un grupo de personas, brind\u00e1ndoles la confianza y la seguridad que una empresa como\u00a0<strong>VICTORIA SEGUROS<\/strong>\u00a0puede garantizar.<\/p><p>Por medio de la misma usted podr\u00e1 permite solventar a bajo costo los inconvenientes econ\u00f3micos que derivan de la posible ausencia de quien hasta entonces era el sost\u00e9n de su familia La p\u00f3liza de\u00a0<strong>Accidentes Personales<\/strong>\u00a0es la opci\u00f3n ideal para cubrir a su empresa ante sus responsabilidades con aquellos trabajadores aut\u00f3nomos, proveedores y contratistas.<\/p><p>Accidentes Personales de\u00a0<strong>VICTORIA SEGUROS<\/strong>, un seguro a su medida.<\/p><p><strong>COBERTURA:<\/strong><\/p><ul><li>Muerte como consecuencia inmediata de un accidente.<\/li><li>Invalidez total y parcial permanente.<\/li><li>Asistencia m\u00e9dica farmac\u00e9utica.*<\/li><li>Gastos de sepelio.*<\/li><\/ul><p><strong><br \/>BENEFICIOS:<\/strong><\/p><ul><li>Con el seguro de Accidentes Personales de\u00a0<strong>VICTORIA SEGUROS<\/strong>\u00a0usted est\u00e1 cubierto:<\/li><li>Durante los 365 d\u00edas del a\u00f1o, las 24 horas.<\/li><li>En todo el mundo.<\/li><li>En horario de trabajo e in itinere.<\/li><li>En tr\u00e1nsito.<\/li><\/ul>\t\t\t\t\t\t\t\t<\/div>\n\t\t\t\t<\/div>\n\t\t\t\t\t<\/details>\n\t\t\t\t\t<\/div>\n\t\t\t\t\t\t<\/div>\n\t\t\t\t<div class=\"elementor-element elementor-element-6bb8ab2 elementor-widget elementor-widget-spacer\" data-id=\"6bb8ab2\" data-element_type=\"widget\" data-widget_type=\"spacer.default\">\n\t\t\t\t\t\t\t<div class=\"elementor-spacer\">\n\t\t\t<div class=\"elementor-spacer-inner\"><\/div>\n\t\t<\/div>\n\t\t\t\t\t\t<\/div>\n\t\t\t\t<\/div>\n\t\t\t\t<\/div>\n\t\t<div class=\"elementor-element elementor-element-83b1c98 e-con-full e-flex e-con e-parent\" data-id=\"83b1c98\" data-element_type=\"container\">\n\t\t\t\t<div class=\"elementor-element elementor-element-a079341 elementor-align-center elementor-mobile-align-justify elementor-widget elementor-widget-button\" data-id=\"a079341\" data-element_type=\"widget\" data-widget_type=\"button.default\">\n\t\t\t\t\t\t\t\t\t\t<a class=\"elementor-button elementor-button-link elementor-size-lg\" href=\"#elementor-action%3Aaction%3Dpopup%3Aopen%26settings%3DeyJpZCI6IjE0MDM1IiwidG9nZ2xlIjpmYWxzZX0%3D\">\n\t\t\t\t\t\t<span class=\"elementor-button-content-wrapper\">\n\t\t\t\t\t\t<span class=\"elementor-button-icon\">\n\t\t\t\t<svg aria-hidden=\"true\" class=\"e-font-icon-svg e-far-comments\" viewBox=\"0 0 576 512\" xmlns=\"http:\/\/www.w3.org\/2000\/svg\"><path d=\"M532 386.2c27.5-27.1 44-61.1 44-98.2 0-80-76.5-146.1-176.2-157.9C368.3 72.5 294.3 32 208 32 93.1 32 0 103.6 0 192c0 37 16.5 71 44 98.2-15.3 30.7-37.3 54.5-37.7 54.9-6.3 6.7-8.1 16.5-4.4 25 3.6 8.5 12 14 21.2 14 53.5 0 96.7-20.2 125.2-38.8 9.2 2.1 18.7 3.7 28.4 4.9C208.1 407.6 281.8 448 368 448c20.8 0 40.8-2.4 59.8-6.8C456.3 459.7 499.4 480 553 480c9.2 0 17.5-5.5 21.2-14 3.6-8.5 1.9-18.3-4.4-25-.4-.3-22.5-24.1-37.8-54.8zm-392.8-92.3L122.1 305c-14.1 9.1-28.5 16.3-43.1 21.4 2.7-4.7 5.4-9.7 8-14.8l15.5-31.1L77.7 256C64.2 242.6 48 220.7 48 192c0-60.7 73.3-112 160-112s160 51.3 160 112-73.3 112-160 112c-16.5 0-33-1.9-49-5.6l-19.8-4.5zM498.3 352l-24.7 24.4 15.5 31.1c2.6 5.1 5.3 10.1 8 14.8-14.6-5.1-29-12.3-43.1-21.4l-17.1-11.1-19.9 4.6c-16 3.7-32.5 5.6-49 5.6-54 0-102.2-20.1-131.3-49.7C338 339.5 416 272.9 416 192c0-3.4-.4-6.7-.7-10C479.7 196.5 528 238.8 528 288c0 28.7-16.2 50.6-29.7 64z\"><\/path><\/svg>\t\t\t<\/span>\n\t\t\t\t\t\t\t\t\t<span class=\"elementor-button-text\">Me interesa<\/span>\n\t\t\t\t\t<\/span>\n\t\t\t\t\t<\/a>\n\t\t\t\t\t\t\t\t<\/div>\n\t\t\t\t<\/div>\n\t\t<div class=\"elementor-element elementor-element-0158ba2 e-con-full e-flex e-con e-parent\" data-id=\"0158ba2\" data-element_type=\"container\">\n\t\t\t\t<div class=\"elementor-element elementor-element-e81d2e1 elementor-post-navigation-borders-yes elementor-widget elementor-widget-post-navigation\" data-id=\"e81d2e1\" data-element_type=\"widget\" data-widget_type=\"post-navigation.default\">\n\t\t\t\t\t\t\t<div class=\"elementor-post-navigation\" role=\"navigation\" aria-label=\"Navegaci\u00f3n de la entrada\">\n\t\t\t<div class=\"elementor-post-navigation__prev elementor-post-navigation__link\">\n\t\t\t\t<a href=\"https:\/\/eduardomorosini.com\/victoria\/hogar\/\" rel=\"prev\"><span class=\"post-navigation__arrow-wrapper post-navigation__arrow-prev\"><svg aria-hidden=\"true\" class=\"e-font-icon-svg e-fas-angle-left\" viewBox=\"0 0 256 512\" xmlns=\"http:\/\/www.w3.org\/2000\/svg\"><path d=\"M31.7 239l136-136c9.4-9.4 24.6-9.4 33.9 0l22.6 22.6c9.4 9.4 9.4 24.6 0 33.9L127.9 256l96.4 96.4c9.4 9.4 9.4 24.6 0 33.9L201.7 409c-9.4 9.4-24.6 9.4-33.9 0l-136-136c-9.5-9.4-9.5-24.6-.1-34z\"><\/path><\/svg><span class=\"elementor-screen-only\">Ant<\/span><\/span><span class=\"elementor-post-navigation__link__prev\"><span class=\"post-navigation__prev--label\">Anterior<\/span><span class=\"post-navigation__prev--title\">Hogar<\/span><\/span><\/a>\t\t\t<\/div>\n\t\t\t\t\t\t\t<div class=\"elementor-post-navigation__separator-wrapper\">\n\t\t\t\t\t<div class=\"elementor-post-navigation__separator\"><\/div>\n\t\t\t\t<\/div>\n\t\t\t\t\t\t<div class=\"elementor-post-navigation__next elementor-post-navigation__link\">\n\t\t\t\t<a href=\"https:\/\/eduardomorosini.com\/victoria\/comercios-e-industrias\/\" rel=\"next\"><span class=\"elementor-post-navigation__link__next\"><span class=\"post-navigation__next--label\">Siguiente<\/span><span class=\"post-navigation__next--title\">Comercios e Industrias<\/span><\/span><span class=\"post-navigation__arrow-wrapper post-navigation__arrow-next\"><svg aria-hidden=\"true\" class=\"e-font-icon-svg e-fas-angle-right\" viewBox=\"0 0 256 512\" xmlns=\"http:\/\/www.w3.org\/2000\/svg\"><path d=\"M224.3 273l-136 136c-9.4 9.4-24.6 9.4-33.9 0l-22.6-22.6c-9.4-9.4-9.4-24.6 0-33.9l96.4-96.4-96.4-96.4c-9.4-9.4-9.4-24.6 0-33.9L54.3 103c9.4-9.4 24.6-9.4 33.9 0l136 136c9.5 9.4 9.5 24.6.1 34z\"><\/path><\/svg><span class=\"elementor-screen-only\">Siguiente<\/span><\/span><\/a>\t\t\t<\/div>\n\t\t<\/div>\n\t\t\t\t\t\t<\/div>\n\t\t\t\t<\/div>\n\t\t\t\t<\/div>\n\t\t","protected":false},"excerpt":{"rendered":"<p>Inicio \/ Seguros \/ Accidentes Personales Accidentes Personales VICTORIA SEGUROS cuenta con una amplia gama de seguros que responden a tus necesidades en materia de cobertura de los riesgos patrimoniales y personales. Productos y servicios que ponemos a tu disposici\u00f3n. Accidentes Personales En\u00a0VICTORIA SEGUROS\u00a0trabajamos d\u00eda a \u00eda pensando en la tranquilidad de nuestros asegurados. Por [&hellip;]<\/p>\n","protected":false},"author":1,"featured_media":0,"parent":0,"menu_order":0,"comment_status":"closed","ping_status":"closed","template":"","meta":{"footnotes":""},"class_list":["post-12808","page","type-page","status-publish","hentry"],"yoast_head":"<!-- This site is optimized with the Yoast SEO plugin v26.6 - https:\/\/yoast.com\/wordpress\/plugins\/seo\/ -->\n<title>Accidentes Personales - Victoria Seguros<\/title>\n<meta name=\"robots\" content=\"index, follow, max-snippet:-1, max-image-preview:large, max-video-preview:-1\" \/>\n<link rel=\"canonical\" href=\"https:\/\/eduardomorosini.com\/victoria\/accidentes-personales\/\" \/>\n<meta property=\"og:locale\" content=\"es_ES\" \/>\n<meta property=\"og:type\" content=\"article\" \/>\n<meta property=\"og:title\" content=\"Accidentes Personales - Victoria Seguros\" \/>\n<meta property=\"og:description\" content=\"Inicio \/ Seguros \/ Accidentes Personales Accidentes Personales VICTORIA SEGUROS cuenta con una amplia gama de seguros que responden a tus necesidades en materia de cobertura de los riesgos patrimoniales y personales. Productos y servicios que ponemos a tu disposici\u00f3n. Accidentes Personales En\u00a0VICTORIA SEGUROS\u00a0trabajamos d\u00eda a \u00eda pensando en la tranquilidad de nuestros asegurados. Por [&hellip;]\" \/>\n<meta property=\"og:url\" content=\"https:\/\/eduardomorosini.com\/victoria\/accidentes-personales\/\" \/>\n<meta property=\"og:site_name\" content=\"Victoria Seguros\" \/>\n<meta property=\"article:modified_time\" content=\"2025-11-24T19:43:07+00:00\" \/>\n<meta name=\"twitter:card\" content=\"summary_large_image\" \/>\n<script type=\"application\/ld+json\" class=\"yoast-schema-graph\">{\"@context\":\"https:\/\/schema.org\",\"@graph\":[{\"@type\":\"WebPage\",\"@id\":\"https:\/\/eduardomorosini.com\/victoria\/accidentes-personales\/\",\"url\":\"https:\/\/eduardomorosini.com\/victoria\/accidentes-personales\/\",\"name\":\"Accidentes Personales - Victoria Seguros\",\"isPartOf\":{\"@id\":\"https:\/\/eduardomorosini.com\/victoria\/#website\"},\"datePublished\":\"2025-06-16T09:18:00+00:00\",\"dateModified\":\"2025-11-24T19:43:07+00:00\",\"breadcrumb\":{\"@id\":\"https:\/\/eduardomorosini.com\/victoria\/accidentes-personales\/#breadcrumb\"},\"inLanguage\":\"es\",\"potentialAction\":[{\"@type\":\"ReadAction\",\"target\":[\"https:\/\/eduardomorosini.com\/victoria\/accidentes-personales\/\"]}]},{\"@type\":\"BreadcrumbList\",\"@id\":\"https:\/\/eduardomorosini.com\/victoria\/accidentes-personales\/#breadcrumb\",\"itemListElement\":[{\"@type\":\"ListItem\",\"position\":1,\"name\":\"Portada\",\"item\":\"https:\/\/eduardomorosini.com\/victoria\/\"},{\"@type\":\"ListItem\",\"position\":2,\"name\":\"Accidentes Personales\"}]},{\"@type\":\"WebSite\",\"@id\":\"https:\/\/eduardomorosini.com\/victoria\/#website\",\"url\":\"https:\/\/eduardomorosini.com\/victoria\/\",\"name\":\"Victoria Seguros\",\"description\":\"Seguros para Automotores :: Empresas :: Cauci\u00f3n :: Agro :: ART :: Accidentes Personales ::\",\"publisher\":{\"@id\":\"https:\/\/eduardomorosini.com\/victoria\/#organization\"},\"potentialAction\":[{\"@type\":\"SearchAction\",\"target\":{\"@type\":\"EntryPoint\",\"urlTemplate\":\"https:\/\/eduardomorosini.com\/victoria\/?s={search_term_string}\"},\"query-input\":{\"@type\":\"PropertyValueSpecification\",\"valueRequired\":true,\"valueName\":\"search_term_string\"}}],\"inLanguage\":\"es\"},{\"@type\":\"Organization\",\"@id\":\"https:\/\/eduardomorosini.com\/victoria\/#organization\",\"name\":\"Victoria Seguros\",\"url\":\"https:\/\/eduardomorosini.com\/victoria\/\",\"logo\":{\"@type\":\"ImageObject\",\"inLanguage\":\"es\",\"@id\":\"https:\/\/eduardomorosini.com\/victoria\/#\/schema\/logo\/image\/\",\"url\":\"https:\/\/eduardomorosini.com\/victoria\/wp-content\/uploads\/2022\/03\/logo-victoria-seguros.png\",\"contentUrl\":\"https:\/\/eduardomorosini.com\/victoria\/wp-content\/uploads\/2022\/03\/logo-victoria-seguros.png\",\"width\":900,\"height\":400,\"caption\":\"Victoria Seguros\"},\"image\":{\"@id\":\"https:\/\/eduardomorosini.com\/victoria\/#\/schema\/logo\/image\/\"}}]}<\/script>\n<!-- \/ Yoast SEO plugin. -->","yoast_head_json":{"title":"Accidentes Personales - Victoria Seguros","robots":{"index":"index","follow":"follow","max-snippet":"max-snippet:-1","max-image-preview":"max-image-preview:large","max-video-preview":"max-video-preview:-1"},"canonical":"https:\/\/eduardomorosini.com\/victoria\/accidentes-personales\/","og_locale":"es_ES","og_type":"article","og_title":"Accidentes Personales - Victoria Seguros","og_description":"Inicio \/ Seguros \/ Accidentes Personales Accidentes Personales VICTORIA SEGUROS cuenta con una amplia gama de seguros que responden a tus necesidades en materia de cobertura de los riesgos patrimoniales y personales. Productos y servicios que ponemos a tu disposici\u00f3n. Accidentes Personales En\u00a0VICTORIA SEGUROS\u00a0trabajamos d\u00eda a \u00eda pensando en la tranquilidad de nuestros asegurados. Por [&hellip;]","og_url":"https:\/\/eduardomorosini.com\/victoria\/accidentes-personales\/","og_site_name":"Victoria Seguros","article_modified_time":"2025-11-24T19:43:07+00:00","twitter_card":"summary_large_image","schema":{"@context":"https:\/\/schema.org","@graph":[{"@type":"WebPage","@id":"https:\/\/eduardomorosini.com\/victoria\/accidentes-personales\/","url":"https:\/\/eduardomorosini.com\/victoria\/accidentes-personales\/","name":"Accidentes Personales - Victoria Seguros","isPartOf":{"@id":"https:\/\/eduardomorosini.com\/victoria\/#website"},"datePublished":"2025-06-16T09:18:00+00:00","dateModified":"2025-11-24T19:43:07+00:00","breadcrumb":{"@id":"https:\/\/eduardomorosini.com\/victoria\/accidentes-personales\/#breadcrumb"},"inLanguage":"es","potentialAction":[{"@type":"ReadAction","target":["https:\/\/eduardomorosini.com\/victoria\/accidentes-personales\/"]}]},{"@type":"BreadcrumbList","@id":"https:\/\/eduardomorosini.com\/victoria\/accidentes-personales\/#breadcrumb","itemListElement":[{"@type":"ListItem","position":1,"name":"Portada","item":"https:\/\/eduardomorosini.com\/victoria\/"},{"@type":"ListItem","position":2,"name":"Accidentes Personales"}]},{"@type":"WebSite","@id":"https:\/\/eduardomorosini.com\/victoria\/#website","url":"https:\/\/eduardomorosini.com\/victoria\/","name":"Victoria Seguros","description":"Seguros para Automotores :: Empresas :: Cauci\u00f3n :: Agro :: ART :: Accidentes Personales ::","publisher":{"@id":"https:\/\/eduardomorosini.com\/victoria\/#organization"},"potentialAction":[{"@type":"SearchAction","target":{"@type":"EntryPoint","urlTemplate":"https:\/\/eduardomorosini.com\/victoria\/?s={search_term_string}"},"query-input":{"@type":"PropertyValueSpecification","valueRequired":true,"valueName":"search_term_string"}}],"inLanguage":"es"},{"@type":"Organization","@id":"https:\/\/eduardomorosini.com\/victoria\/#organization","name":"Victoria Seguros","url":"https:\/\/eduardomorosini.com\/victoria\/","logo":{"@type":"ImageObject","inLanguage":"es","@id":"https:\/\/eduardomorosini.com\/victoria\/#\/schema\/logo\/image\/","url":"https:\/\/eduardomorosini.com\/victoria\/wp-content\/uploads\/2022\/03\/logo-victoria-seguros.png","contentUrl":"https:\/\/eduardomorosini.com\/victoria\/wp-content\/uploads\/2022\/03\/logo-victoria-seguros.png","width":900,"height":400,"caption":"Victoria Seguros"},"image":{"@id":"https:\/\/eduardomorosini.com\/victoria\/#\/schema\/logo\/image\/"}}]}},"_links":{"self":[{"href":"https:\/\/eduardomorosini.com\/victoria\/wp-json\/wp\/v2\/pages\/12808","targetHints":{"allow":["GET"]}}],"collection":[{"href":"https:\/\/eduardomorosini.com\/victoria\/wp-json\/wp\/v2\/pages"}],"about":[{"href":"https:\/\/eduardomorosini.com\/victoria\/wp-json\/wp\/v2\/types\/page"}],"author":[{"embeddable":true,"href":"https:\/\/eduardomorosini.com\/victoria\/wp-json\/wp\/v2\/users\/1"}],"replies":[{"embeddable":true,"href":"https:\/\/eduardomorosini.com\/victoria\/wp-json\/wp\/v2\/comments?post=12808"}],"version-history":[{"count":56,"href":"https:\/\/eduardomorosini.com\/victoria\/wp-json\/wp\/v2\/pages\/12808\/revisions"}],"predecessor-version":[{"id":14046,"href":"https:\/\/eduardomorosini.com\/victoria\/wp-json\/wp\/v2\/pages\/12808\/revisions\/14046"}],"wp:attachment":[{"href":"https:\/\/eduardomorosini.com\/victoria\/wp-json\/wp\/v2\/media?parent=12808"}],"curies":[{"name":"wp","href":"https:\/\/api.w.org\/{rel}","templated":true}]}}