{"id":101,"date":"2016-05-19T01:21:45","date_gmt":"2016-05-19T01:21:45","guid":{"rendered":"http:\/\/www.victoria.com.ar\/?page_id=101"},"modified":"2025-11-24T16:40:49","modified_gmt":"2025-11-24T19:40:49","slug":"envia-tu-cv","status":"publish","type":"page","link":"https:\/\/eduardomorosini.com\/victoria\/envia-tu-cv\/","title":{"rendered":"Envi\u00e1 tu CV"},"content":{"rendered":"\t\t<div data-elementor-type=\"wp-page\" data-elementor-id=\"101\" class=\"elementor elementor-101\" data-elementor-post-type=\"page\">\n\t\t\t\t<div class=\"elementor-element elementor-element-cbfb816 e-con-full elementor-hidden-tablet elementor-hidden-mobile e-flex e-con e-parent\" data-id=\"cbfb816\" data-element_type=\"container\" data-settings=\"{&quot;background_background&quot;:&quot;classic&quot;}\">\n\t\t\t\t<div class=\"elementor-element elementor-element-7d1a74d elementor-widget elementor-widget-heading\" data-id=\"7d1a74d\" data-element_type=\"widget\" data-widget_type=\"heading.default\">\n\t\t\t\t\t<h1 class=\"elementor-heading-title elementor-size-default\"><a href=\"https:\/\/eduardomorosini.com\/victoria\">Inicio<\/a><\/h1>\t\t\t\t<\/div>\n\t\t\t\t<div class=\"elementor-element elementor-element-08a1297 elementor-widget elementor-widget-heading\" data-id=\"08a1297\" data-element_type=\"widget\" data-widget_type=\"heading.default\">\n\t\t\t\t\t<h1 class=\"elementor-heading-title elementor-size-default\">\/ Institucional<\/h1>\t\t\t\t<\/div>\n\t\t\t\t<div class=\"elementor-element elementor-element-b5f1338 elementor-widget elementor-widget-heading\" data-id=\"b5f1338\" data-element_type=\"widget\" data-widget_type=\"heading.default\">\n\t\t\t\t\t<h3 class=\"elementor-heading-title elementor-size-default\">\/ Enviar CV<\/h3>\t\t\t\t<\/div>\n\t\t\t\t<\/div>\n\t\t<div class=\"elementor-element elementor-element-6357033 e-con-full elementor-hidden-desktop e-flex e-con e-parent\" data-id=\"6357033\" data-element_type=\"container\" data-settings=\"{&quot;background_background&quot;:&quot;gradient&quot;}\">\n\t\t\t\t<div class=\"elementor-element elementor-element-03296b4 elementor-widget elementor-widget-heading\" data-id=\"03296b4\" data-element_type=\"widget\" data-widget_type=\"heading.default\">\n\t\t\t\t\t<h3 class=\"elementor-heading-title elementor-size-default\">Enviar CV<\/h3>\t\t\t\t<\/div>\n\t\t\t\t<\/div>\n\t\t<div class=\"elementor-element elementor-element-c6bc382 e-con-full e-flex e-con e-child\" data-id=\"c6bc382\" data-element_type=\"container\" data-settings=\"{&quot;background_background&quot;:&quot;classic&quot;}\">\n\t\t\t\t<\/div>\n\t\t<div class=\"elementor-element elementor-element-ecb8dd3 e-con-full e-flex e-con e-parent\" data-id=\"ecb8dd3\" data-element_type=\"container\" data-settings=\"{&quot;background_background&quot;:&quot;classic&quot;}\">\n\t\t<div class=\"elementor-element elementor-element-100a093 e-con-full e-flex e-con e-child\" data-id=\"100a093\" data-element_type=\"container\">\n\t\t\t\t<div class=\"elementor-element elementor-element-88d3a0e elementor-widget elementor-widget-heading\" data-id=\"88d3a0e\" data-element_type=\"widget\" data-widget_type=\"heading.default\">\n\t\t\t\t\t<h6 class=\"elementor-heading-title elementor-size-default\">\u00a1Hola! \ud83d\ude03 En VICTORIA SEGUROS S.A. encontrar\u00e1s una empresa que acompa\u00f1a y motiva tus ganas de crecer.<\/h6>\t\t\t\t<\/div>\n\t\t\t\t<div class=\"elementor-element elementor-element-2ad49b6 elementor-widget elementor-widget-heading\" data-id=\"2ad49b6\" data-element_type=\"widget\" data-widget_type=\"heading.default\">\n\t\t\t\t\t<h6 class=\"elementor-heading-title elementor-size-default\"> Si te consider\u00e1s una persona din\u00e1mica, con vocaci\u00f3n de servicio y con una gran capacidad de trabajo, complet\u00e1 el siguiente formulario y envianos tu CV para tenerlo en cuenta en futuras b\u00fasquedas laborales. Todos los campos son requeridos.<\/h6>\t\t\t\t<\/div>\n\t\t\t\t<\/div>\n\t\t<div class=\"elementor-element elementor-element-ce11acd e-con-full e-flex e-con e-child\" data-id=\"ce11acd\" data-element_type=\"container\">\n\t\t\t\t<div class=\"elementor-element elementor-element-2a74339 elementor-button-align-start elementor-widget__width-initial elementor-widget elementor-widget-form\" data-id=\"2a74339\" data-element_type=\"widget\" data-settings=\"{&quot;step_next_label&quot;:&quot;Next&quot;,&quot;step_previous_label&quot;:&quot;Previous&quot;,&quot;button_width&quot;:&quot;100&quot;,&quot;step_type&quot;:&quot;number_text&quot;,&quot;step_icon_shape&quot;:&quot;circle&quot;}\" data-widget_type=\"form.default\">\n\t\t\t\t\t\t\t<form class=\"elementor-form\" method=\"post\" name=\"Env\u00eda tu CV\" aria-label=\"Env\u00eda tu CV\">\n\t\t\t<input type=\"hidden\" name=\"post_id\" value=\"101\"\/>\n\t\t\t<input type=\"hidden\" name=\"form_id\" value=\"2a74339\"\/>\n\t\t\t<input type=\"hidden\" name=\"referer_title\" value=\"Victoria Seguros\" \/>\n\n\t\t\t\n\t\t\t<div class=\"elementor-form-fields-wrapper elementor-labels-\">\n\t\t\t\t\t\t\t\t<div class=\"elementor-field-type-text elementor-field-group elementor-column elementor-field-group-nombre elementor-col-50 elementor-field-required\">\n\t\t\t\t\t\t\t\t\t\t\t\t<label for=\"form-field-nombre\" class=\"elementor-field-label elementor-screen-only\">\n\t\t\t\t\t\t\t\tNombre\t\t\t\t\t\t\t<\/label>\n\t\t\t\t\t\t\t\t\t\t\t\t\t\t<input size=\"1\" type=\"text\" name=\"form_fields[nombre]\" id=\"form-field-nombre\" class=\"elementor-field elementor-size-md  elementor-field-textual\" placeholder=\"Ingresar Nombre\" required=\"required\">\n\t\t\t\t\t\t\t\t\t\t\t<\/div>\n\t\t\t\t\t\t\t\t<div class=\"elementor-field-type-email elementor-field-group elementor-column elementor-field-group-email elementor-col-50 elementor-field-required\">\n\t\t\t\t\t\t\t\t\t\t\t\t<label for=\"form-field-email\" class=\"elementor-field-label elementor-screen-only\">\n\t\t\t\t\t\t\t\tEmail\t\t\t\t\t\t\t<\/label>\n\t\t\t\t\t\t\t\t\t\t\t\t\t\t<input size=\"1\" type=\"email\" name=\"form_fields[email]\" id=\"form-field-email\" class=\"elementor-field elementor-size-md  elementor-field-textual\" placeholder=\"Ingresar Email\" required=\"required\">\n\t\t\t\t\t\t\t\t\t\t\t<\/div>\n\t\t\t\t\t\t\t\t<div class=\"elementor-field-type-tel elementor-field-group elementor-column elementor-field-group-telefono elementor-col-50 elementor-field-required\">\n\t\t\t\t\t\t\t\t\t\t\t\t<label for=\"form-field-telefono\" class=\"elementor-field-label elementor-screen-only\">\n\t\t\t\t\t\t\t\tTel\u00e9fono\t\t\t\t\t\t\t<\/label>\n\t\t\t\t\t\t\t\t<input size=\"1\" type=\"tel\" name=\"form_fields[telefono]\" id=\"form-field-telefono\" class=\"elementor-field elementor-size-md  elementor-field-textual\" placeholder=\"Ingresar Tel\u00e9fono\" required=\"required\" pattern=\"[0-9()#&amp;+*-=.]+\" title=\"Solo se aceptan n\u00fameros y caracteres de tel\u00e9fono (#,-,*,etc).\">\n\n\t\t\t\t\t\t<\/div>\n\t\t\t\t\t\t\t\t<div class=\"elementor-field-type-select elementor-field-group elementor-column elementor-field-group-area elementor-col-50 elementor-field-required\">\n\t\t\t\t\t\t\t\t\t\t\t\t<label for=\"form-field-area\" class=\"elementor-field-label elementor-screen-only\">\n\t\t\t\t\t\t\t\tSeleccionar \u00e1rea de inter\u00e9s\t\t\t\t\t\t\t<\/label>\n\t\t\t\t\t\t\t\t<div class=\"elementor-field elementor-select-wrapper remove-before \">\n\t\t\t<div class=\"select-caret-down-wrapper\">\n\t\t\t\t<svg aria-hidden=\"true\" class=\"e-font-icon-svg e-eicon-caret-down\" viewBox=\"0 0 571.4 571.4\" xmlns=\"http:\/\/www.w3.org\/2000\/svg\"><path d=\"M571 393Q571 407 561 418L311 668Q300 679 286 679T261 668L11 418Q0 407 0 393T11 368 36 357H536Q550 357 561 368T571 393Z\"><\/path><\/svg>\t\t\t<\/div>\n\t\t\t<select name=\"form_fields[area]\" id=\"form-field-area\" class=\"elementor-field-textual elementor-size-md\" required=\"required\">\n\t\t\t\t\t\t\t\t\t<option value=\"Seleccionar \u00e1rea de inter\u00e9s\">Seleccionar \u00e1rea de inter\u00e9s<\/option>\n\t\t\t\t\t\t\t\t\t<option value=\"Productor Asesor\">Productor Asesor<\/option>\n\t\t\t\t\t\t\t\t\t<option value=\"Administraci\u00f3n\/Finanzas\">Administraci\u00f3n\/Finanzas<\/option>\n\t\t\t\t\t\t\t\t\t<option value=\"Cobranza\/Tesorer\u00eda\">Cobranza\/Tesorer\u00eda<\/option>\n\t\t\t\t\t\t\t\t\t<option value=\"Contadur\u00eda\">Contadur\u00eda<\/option>\n\t\t\t\t\t\t\t\t\t<option value=\"Marketing\">Marketing<\/option>\n\t\t\t\t\t\t\t\t\t<option value=\"Recursos Humanos\">Recursos Humanos<\/option>\n\t\t\t\t\t\t\t\t\t<option value=\"Siniestros\">Siniestros<\/option>\n\t\t\t\t\t\t\t\t\t<option value=\"Comercial\">Comercial<\/option>\n\t\t\t\t\t\t\t\t\t<option value=\"Sistemas\">Sistemas<\/option>\n\t\t\t\t\t\t\t\t\t<option value=\"ART\">ART<\/option>\n\t\t\t\t\t\t\t<\/select>\n\t\t<\/div>\n\t\t\t\t\t\t<\/div>\n\t\t\t\t\t\t\t\t<div class=\"elementor-field-type-upload elementor-field-group elementor-column elementor-field-group-cv elementor-col-100 elementor-field-required\">\n\t\t\t\t\t\t\t\t\t\t\t\t<label for=\"form-field-cv\" class=\"elementor-field-label elementor-screen-only\">\n\t\t\t\t\t\t\t\tAdjuntar CV\t\t\t\t\t\t\t<\/label>\n\t\t\t\t\t\t\t\t<input type=\"file\" name=\"form_fields[cv]\" id=\"form-field-cv\" class=\"elementor-field elementor-size-md  elementor-upload-field\" required=\"required\" data-maxsize=\"2\" data-maxsize-message=\"Este archivo excede el tama\u00f1o m\u00e1ximo permitido.\">\n\n\t\t\t\t\t\t<\/div>\n\t\t\t\t\t\t\t\t<div class=\"elementor-field-type-acceptance elementor-field-group elementor-column elementor-field-group-aceptacion elementor-col-100 elementor-field-required\">\n\t\t\t\t\t\t\t<div class=\"elementor-field-subgroup\">\n\t\t\t<span class=\"elementor-field-option\">\n\t\t\t\t<input type=\"checkbox\" name=\"form_fields[aceptacion]\" id=\"form-field-aceptacion\" class=\"elementor-field elementor-size-md  elementor-acceptance-field\" required=\"required\">\n\t\t\t\t<label for=\"form-field-aceptacion\">Acepto la <a href=\u201dhttps:\/\/eduardomorosini.com\/victoria\/politica-de-privacidad-de-victoria-seguros\/\u201d target=\u201d_blank\u201d>Pol\u00edtica de Privacidad<\/a>.<\/label>\t\t\t<\/span>\n\t\t<\/div>\n\t\t\t\t\t\t<\/div>\n\t\t\t\t\t\t\t\t<div class=\"elementor-field-type-text\">\n\t\t\t\t\t<input size=\"1\" type=\"text\" name=\"form_fields[field_f30633e]\" id=\"form-field-field_f30633e\" class=\"elementor-field elementor-size-md \" style=\"display:none !important;\">\t\t\t\t<\/div>\n\t\t\t\t\t\t\t\t<div class=\"elementor-field-type-text\">\n\t\t\t\t\t<input size=\"1\" type=\"text\" name=\"form_fields[field_f9ba2c7]\" id=\"form-field-field_f9ba2c7\" class=\"elementor-field elementor-size-md \" style=\"display:none !important;\">\t\t\t\t<\/div>\n\t\t\t\t\t\t\t\t<div class=\"elementor-field-group elementor-column elementor-field-type-submit elementor-col-100 e-form__buttons\">\n\t\t\t\t\t<button class=\"elementor-button elementor-size-sm\" type=\"submit\">\n\t\t\t\t\t\t<span class=\"elementor-button-content-wrapper\">\n\t\t\t\t\t\t\t\t\t\t\t\t\t\t\t\t\t\t\t\t\t\t<span class=\"elementor-button-text\">Enviar<\/span>\n\t\t\t\t\t\t\t\t\t\t\t\t\t<\/span>\n\t\t\t\t\t<\/button>\n\t\t\t\t<\/div>\n\t\t\t<\/div>\n\t\t<\/form>\n\t\t\t\t\t\t<\/div>\n\t\t\t\t<\/div>\n\t\t\t\t<\/div>\n\t\t<div class=\"elementor-element elementor-element-b9d2dca e-con-full e-flex e-con e-parent\" data-id=\"b9d2dca\" data-element_type=\"container\">\n\t\t\t\t<div class=\"elementor-element elementor-element-96908ac elementor-post-navigation-borders-yes elementor-widget elementor-widget-post-navigation\" data-id=\"96908ac\" data-element_type=\"widget\" data-widget_type=\"post-navigation.default\">\n\t\t\t\t\t\t\t<div class=\"elementor-post-navigation\" role=\"navigation\" aria-label=\"Navegaci\u00f3n de la entrada\">\n\t\t\t<div class=\"elementor-post-navigation__prev elementor-post-navigation__link\">\n\t\t\t\t<a href=\"https:\/\/eduardomorosini.com\/victoria\/autoridades\/\" rel=\"prev\"><span class=\"post-navigation__arrow-wrapper post-navigation__arrow-prev\"><svg aria-hidden=\"true\" class=\"e-font-icon-svg e-fas-angle-left\" viewBox=\"0 0 256 512\" xmlns=\"http:\/\/www.w3.org\/2000\/svg\"><path d=\"M31.7 239l136-136c9.4-9.4 24.6-9.4 33.9 0l22.6 22.6c9.4 9.4 9.4 24.6 0 33.9L127.9 256l96.4 96.4c9.4 9.4 9.4 24.6 0 33.9L201.7 409c-9.4 9.4-24.6 9.4-33.9 0l-136-136c-9.5-9.4-9.5-24.6-.1-34z\"><\/path><\/svg><span class=\"elementor-screen-only\">Ant<\/span><\/span><span class=\"elementor-post-navigation__link__prev\"><span class=\"post-navigation__prev--label\">Anterior<\/span><span class=\"post-navigation__prev--title\">Autoridades<\/span><\/span><\/a>\t\t\t<\/div>\n\t\t\t\t\t\t\t<div class=\"elementor-post-navigation__separator-wrapper\">\n\t\t\t\t\t<div class=\"elementor-post-navigation__separator\"><\/div>\n\t\t\t\t<\/div>\n\t\t\t\t\t\t<div class=\"elementor-post-navigation__next elementor-post-navigation__link\">\n\t\t\t\t<a href=\"https:\/\/eduardomorosini.com\/victoria\/politica-de-privacidad-de-victoria-seguros\/\" rel=\"next\"><span class=\"elementor-post-navigation__link__next\"><span class=\"post-navigation__next--label\">Siguiente<\/span><span class=\"post-navigation__next--title\">Pol\u00edtica de Privacidad de Victoria Seguros<\/span><\/span><span class=\"post-navigation__arrow-wrapper post-navigation__arrow-next\"><svg aria-hidden=\"true\" class=\"e-font-icon-svg e-fas-angle-right\" viewBox=\"0 0 256 512\" xmlns=\"http:\/\/www.w3.org\/2000\/svg\"><path d=\"M224.3 273l-136 136c-9.4 9.4-24.6 9.4-33.9 0l-22.6-22.6c-9.4-9.4-9.4-24.6 0-33.9l96.4-96.4-96.4-96.4c-9.4-9.4-9.4-24.6 0-33.9L54.3 103c9.4-9.4 24.6-9.4 33.9 0l136 136c9.5 9.4 9.5 24.6.1 34z\"><\/path><\/svg><span class=\"elementor-screen-only\">Siguiente<\/span><\/span><\/a>\t\t\t<\/div>\n\t\t<\/div>\n\t\t\t\t\t\t<\/div>\n\t\t\t\t<\/div>\n\t\t\t\t<\/div>\n\t\t","protected":false},"excerpt":{"rendered":"<p>Inicio \/ Institucional \/ Enviar CV Enviar CV \u00a1Hola! \ud83d\ude03 En VICTORIA SEGUROS S.A. encontrar\u00e1s una empresa que acompa\u00f1a y motiva tus ganas de crecer. Si te consider\u00e1s una persona din\u00e1mica, con vocaci\u00f3n de servicio y con una gran capacidad de trabajo, complet\u00e1 el siguiente formulario y envianos tu CV para tenerlo en cuenta en [&hellip;]<\/p>\n","protected":false},"author":1,"featured_media":9655,"parent":0,"menu_order":0,"comment_status":"closed","ping_status":"closed","template":"","meta":{"footnotes":""},"class_list":["post-101","page","type-page","status-publish","has-post-thumbnail","hentry"],"yoast_head":"<!-- This site is optimized with the Yoast SEO plugin v26.6 - https:\/\/yoast.com\/wordpress\/plugins\/seo\/ -->\n<title>Envi\u00e1 tu CV - Victoria Seguros<\/title>\n<meta name=\"description\" content=\"100 a\u00f1os en el mercado hacen de VICTORIA SEGUROS una empresa s\u00f3lida y responsable. Una empresa que comprende las necesidades del asegurado, con capacidad de respuesta y dinamismo. Una empresa que conoce muy bien el camino al liderazgo y que apuesta a estrategias claras y precisas. Con un management eficiente y experimentado, una tecnolog\u00eda moderna y un fuerte respaldo.\" \/>\n<meta name=\"robots\" content=\"index, follow, max-snippet:-1, max-image-preview:large, max-video-preview:-1\" \/>\n<link rel=\"canonical\" href=\"https:\/\/eduardomorosini.com\/victoria\/envia-tu-cv\/\" \/>\n<meta property=\"og:locale\" content=\"es_ES\" \/>\n<meta property=\"og:type\" content=\"article\" \/>\n<meta property=\"og:title\" content=\"Envi\u00e1 tu CV\" \/>\n<meta property=\"og:description\" content=\"Inicio \/ Institucional \/ Enviar CV Enviar CV \u00a1Hola! \ud83d\ude03 En VICTORIA SEGUROS S.A. encontrar\u00e1s una empresa que acompa\u00f1a y motiva tus ganas de crecer. Si te\" \/>\n<meta property=\"og:url\" content=\"https:\/\/eduardomorosini.com\/victoria\/envia-tu-cv\/\" \/>\n<meta property=\"og:site_name\" content=\"Victoria Seguros\" \/>\n<meta property=\"article:modified_time\" content=\"2025-11-24T19:40:49+00:00\" \/>\n<meta property=\"og:image\" content=\"https:\/\/eduardomorosini.com\/victoria\/wp-content\/uploads\/2022\/03\/placa-logo.png\" \/>\n\t<meta property=\"og:image:width\" content=\"1080\" \/>\n\t<meta property=\"og:image:height\" content=\"1080\" \/>\n\t<meta property=\"og:image:type\" content=\"image\/png\" \/>\n<meta name=\"twitter:card\" content=\"summary_large_image\" \/>\n<meta name=\"twitter:title\" content=\"Envi\u00e1 tu CV\" \/>\n<meta name=\"twitter:description\" content=\"Inicio \/ Institucional \/ Enviar CV Enviar CV \u00a1Hola! \ud83d\ude03 En VICTORIA SEGUROS S.A. encontrar\u00e1s una empresa que acompa\u00f1a y motiva tus ganas de crecer. Si te\" \/>\n<meta name=\"twitter:image\" content=\"https:\/\/eduardomorosini.com\/victoria\/wp-content\/uploads\/2022\/03\/placa-logo.png\" \/>\n<script type=\"application\/ld+json\" class=\"yoast-schema-graph\">{\"@context\":\"https:\/\/schema.org\",\"@graph\":[{\"@type\":\"WebPage\",\"@id\":\"https:\/\/eduardomorosini.com\/victoria\/envia-tu-cv\/\",\"url\":\"https:\/\/eduardomorosini.com\/victoria\/envia-tu-cv\/\",\"name\":\"Envi\u00e1 tu CV - Victoria Seguros\",\"isPartOf\":{\"@id\":\"https:\/\/eduardomorosini.com\/victoria\/#website\"},\"primaryImageOfPage\":{\"@id\":\"https:\/\/eduardomorosini.com\/victoria\/envia-tu-cv\/#primaryimage\"},\"image\":{\"@id\":\"https:\/\/eduardomorosini.com\/victoria\/envia-tu-cv\/#primaryimage\"},\"thumbnailUrl\":\"https:\/\/eduardomorosini.com\/victoria\/wp-content\/uploads\/2022\/03\/placa-logo.png\",\"datePublished\":\"2016-05-19T01:21:45+00:00\",\"dateModified\":\"2025-11-24T19:40:49+00:00\",\"description\":\"100 a\u00f1os en el mercado hacen de VICTORIA SEGUROS una empresa s\u00f3lida y responsable. Una empresa que comprende las necesidades del asegurado, con capacidad de respuesta y dinamismo. Una empresa que conoce muy bien el camino al liderazgo y que apuesta a estrategias claras y precisas. Con un management eficiente y experimentado, una tecnolog\u00eda moderna y un fuerte respaldo.\",\"breadcrumb\":{\"@id\":\"https:\/\/eduardomorosini.com\/victoria\/envia-tu-cv\/#breadcrumb\"},\"inLanguage\":\"es\",\"potentialAction\":[{\"@type\":\"ReadAction\",\"target\":[\"https:\/\/eduardomorosini.com\/victoria\/envia-tu-cv\/\"]}]},{\"@type\":\"ImageObject\",\"inLanguage\":\"es\",\"@id\":\"https:\/\/eduardomorosini.com\/victoria\/envia-tu-cv\/#primaryimage\",\"url\":\"https:\/\/eduardomorosini.com\/victoria\/wp-content\/uploads\/2022\/03\/placa-logo.png\",\"contentUrl\":\"https:\/\/eduardomorosini.com\/victoria\/wp-content\/uploads\/2022\/03\/placa-logo.png\",\"width\":1080,\"height\":1080,\"caption\":\"Victoria Seguros\"},{\"@type\":\"BreadcrumbList\",\"@id\":\"https:\/\/eduardomorosini.com\/victoria\/envia-tu-cv\/#breadcrumb\",\"itemListElement\":[{\"@type\":\"ListItem\",\"position\":1,\"name\":\"Portada\",\"item\":\"https:\/\/eduardomorosini.com\/victoria\/\"},{\"@type\":\"ListItem\",\"position\":2,\"name\":\"Envi\u00e1 tu CV\"}]},{\"@type\":\"WebSite\",\"@id\":\"https:\/\/eduardomorosini.com\/victoria\/#website\",\"url\":\"https:\/\/eduardomorosini.com\/victoria\/\",\"name\":\"Victoria Seguros\",\"description\":\"Seguros para Automotores :: Empresas :: Cauci\u00f3n :: Agro :: ART :: Accidentes Personales ::\",\"publisher\":{\"@id\":\"https:\/\/eduardomorosini.com\/victoria\/#organization\"},\"potentialAction\":[{\"@type\":\"SearchAction\",\"target\":{\"@type\":\"EntryPoint\",\"urlTemplate\":\"https:\/\/eduardomorosini.com\/victoria\/?s={search_term_string}\"},\"query-input\":{\"@type\":\"PropertyValueSpecification\",\"valueRequired\":true,\"valueName\":\"search_term_string\"}}],\"inLanguage\":\"es\"},{\"@type\":\"Organization\",\"@id\":\"https:\/\/eduardomorosini.com\/victoria\/#organization\",\"name\":\"Victoria Seguros\",\"url\":\"https:\/\/eduardomorosini.com\/victoria\/\",\"logo\":{\"@type\":\"ImageObject\",\"inLanguage\":\"es\",\"@id\":\"https:\/\/eduardomorosini.com\/victoria\/#\/schema\/logo\/image\/\",\"url\":\"https:\/\/eduardomorosini.com\/victoria\/wp-content\/uploads\/2022\/03\/logo-victoria-seguros.png\",\"contentUrl\":\"https:\/\/eduardomorosini.com\/victoria\/wp-content\/uploads\/2022\/03\/logo-victoria-seguros.png\",\"width\":900,\"height\":400,\"caption\":\"Victoria Seguros\"},\"image\":{\"@id\":\"https:\/\/eduardomorosini.com\/victoria\/#\/schema\/logo\/image\/\"}}]}<\/script>\n<!-- \/ Yoast SEO plugin. -->","yoast_head_json":{"title":"Envi\u00e1 tu CV - Victoria Seguros","description":"100 a\u00f1os en el mercado hacen de VICTORIA SEGUROS una empresa s\u00f3lida y responsable. Una empresa que comprende las necesidades del asegurado, con capacidad de respuesta y dinamismo. Una empresa que conoce muy bien el camino al liderazgo y que apuesta a estrategias claras y precisas. Con un management eficiente y experimentado, una tecnolog\u00eda moderna y un fuerte respaldo.","robots":{"index":"index","follow":"follow","max-snippet":"max-snippet:-1","max-image-preview":"max-image-preview:large","max-video-preview":"max-video-preview:-1"},"canonical":"https:\/\/eduardomorosini.com\/victoria\/envia-tu-cv\/","og_locale":"es_ES","og_type":"article","og_title":"Envi\u00e1 tu CV","og_description":"Inicio \/ Institucional \/ Enviar CV Enviar CV \u00a1Hola! \ud83d\ude03 En VICTORIA SEGUROS S.A. encontrar\u00e1s una empresa que acompa\u00f1a y motiva tus ganas de crecer. Si te","og_url":"https:\/\/eduardomorosini.com\/victoria\/envia-tu-cv\/","og_site_name":"Victoria Seguros","article_modified_time":"2025-11-24T19:40:49+00:00","og_image":[{"width":1080,"height":1080,"url":"https:\/\/eduardomorosini.com\/victoria\/wp-content\/uploads\/2022\/03\/placa-logo.png","type":"image\/png"}],"twitter_card":"summary_large_image","twitter_title":"Envi\u00e1 tu CV","twitter_description":"Inicio \/ Institucional \/ Enviar CV Enviar CV \u00a1Hola! \ud83d\ude03 En VICTORIA SEGUROS S.A. encontrar\u00e1s una empresa que acompa\u00f1a y motiva tus ganas de crecer. Si te","twitter_image":"https:\/\/eduardomorosini.com\/victoria\/wp-content\/uploads\/2022\/03\/placa-logo.png","schema":{"@context":"https:\/\/schema.org","@graph":[{"@type":"WebPage","@id":"https:\/\/eduardomorosini.com\/victoria\/envia-tu-cv\/","url":"https:\/\/eduardomorosini.com\/victoria\/envia-tu-cv\/","name":"Envi\u00e1 tu CV - Victoria Seguros","isPartOf":{"@id":"https:\/\/eduardomorosini.com\/victoria\/#website"},"primaryImageOfPage":{"@id":"https:\/\/eduardomorosini.com\/victoria\/envia-tu-cv\/#primaryimage"},"image":{"@id":"https:\/\/eduardomorosini.com\/victoria\/envia-tu-cv\/#primaryimage"},"thumbnailUrl":"https:\/\/eduardomorosini.com\/victoria\/wp-content\/uploads\/2022\/03\/placa-logo.png","datePublished":"2016-05-19T01:21:45+00:00","dateModified":"2025-11-24T19:40:49+00:00","description":"100 a\u00f1os en el mercado hacen de VICTORIA SEGUROS una empresa s\u00f3lida y responsable. Una empresa que comprende las necesidades del asegurado, con capacidad de respuesta y dinamismo. Una empresa que conoce muy bien el camino al liderazgo y que apuesta a estrategias claras y precisas. Con un management eficiente y experimentado, una tecnolog\u00eda moderna y un fuerte respaldo.","breadcrumb":{"@id":"https:\/\/eduardomorosini.com\/victoria\/envia-tu-cv\/#breadcrumb"},"inLanguage":"es","potentialAction":[{"@type":"ReadAction","target":["https:\/\/eduardomorosini.com\/victoria\/envia-tu-cv\/"]}]},{"@type":"ImageObject","inLanguage":"es","@id":"https:\/\/eduardomorosini.com\/victoria\/envia-tu-cv\/#primaryimage","url":"https:\/\/eduardomorosini.com\/victoria\/wp-content\/uploads\/2022\/03\/placa-logo.png","contentUrl":"https:\/\/eduardomorosini.com\/victoria\/wp-content\/uploads\/2022\/03\/placa-logo.png","width":1080,"height":1080,"caption":"Victoria Seguros"},{"@type":"BreadcrumbList","@id":"https:\/\/eduardomorosini.com\/victoria\/envia-tu-cv\/#breadcrumb","itemListElement":[{"@type":"ListItem","position":1,"name":"Portada","item":"https:\/\/eduardomorosini.com\/victoria\/"},{"@type":"ListItem","position":2,"name":"Envi\u00e1 tu CV"}]},{"@type":"WebSite","@id":"https:\/\/eduardomorosini.com\/victoria\/#website","url":"https:\/\/eduardomorosini.com\/victoria\/","name":"Victoria Seguros","description":"Seguros para Automotores :: Empresas :: Cauci\u00f3n :: Agro :: ART :: Accidentes Personales ::","publisher":{"@id":"https:\/\/eduardomorosini.com\/victoria\/#organization"},"potentialAction":[{"@type":"SearchAction","target":{"@type":"EntryPoint","urlTemplate":"https:\/\/eduardomorosini.com\/victoria\/?s={search_term_string}"},"query-input":{"@type":"PropertyValueSpecification","valueRequired":true,"valueName":"search_term_string"}}],"inLanguage":"es"},{"@type":"Organization","@id":"https:\/\/eduardomorosini.com\/victoria\/#organization","name":"Victoria Seguros","url":"https:\/\/eduardomorosini.com\/victoria\/","logo":{"@type":"ImageObject","inLanguage":"es","@id":"https:\/\/eduardomorosini.com\/victoria\/#\/schema\/logo\/image\/","url":"https:\/\/eduardomorosini.com\/victoria\/wp-content\/uploads\/2022\/03\/logo-victoria-seguros.png","contentUrl":"https:\/\/eduardomorosini.com\/victoria\/wp-content\/uploads\/2022\/03\/logo-victoria-seguros.png","width":900,"height":400,"caption":"Victoria Seguros"},"image":{"@id":"https:\/\/eduardomorosini.com\/victoria\/#\/schema\/logo\/image\/"}}]}},"_links":{"self":[{"href":"https:\/\/eduardomorosini.com\/victoria\/wp-json\/wp\/v2\/pages\/101","targetHints":{"allow":["GET"]}}],"collection":[{"href":"https:\/\/eduardomorosini.com\/victoria\/wp-json\/wp\/v2\/pages"}],"about":[{"href":"https:\/\/eduardomorosini.com\/victoria\/wp-json\/wp\/v2\/types\/page"}],"author":[{"embeddable":true,"href":"https:\/\/eduardomorosini.com\/victoria\/wp-json\/wp\/v2\/users\/1"}],"replies":[{"embeddable":true,"href":"https:\/\/eduardomorosini.com\/victoria\/wp-json\/wp\/v2\/comments?post=101"}],"version-history":[{"count":49,"href":"https:\/\/eduardomorosini.com\/victoria\/wp-json\/wp\/v2\/pages\/101\/revisions"}],"predecessor-version":[{"id":14043,"href":"https:\/\/eduardomorosini.com\/victoria\/wp-json\/wp\/v2\/pages\/101\/revisions\/14043"}],"wp:featuredmedia":[{"embeddable":true,"href":"https:\/\/eduardomorosini.com\/victoria\/wp-json\/wp\/v2\/media\/9655"}],"wp:attachment":[{"href":"https:\/\/eduardomorosini.com\/victoria\/wp-json\/wp\/v2\/media?parent=101"}],"curies":[{"name":"wp","href":"https:\/\/api.w.org\/{rel}","templated":true}]}}